{"id":18967,"date":"2020-10-05T11:05:26","date_gmt":"2020-10-05T08:05:26","guid":{"rendered":"https:\/\/www.radiomarket.fi\/tuote\/ekua7959-luxor-west-side-b4973\/"},"modified":"2020-10-05T11:05:26","modified_gmt":"2020-10-05T08:05:26","slug":"ekua7959-luxor-west-side-b4973","status":"publish","type":"product","link":"https:\/\/www.radiomarket.fi\/en\/kohde\/ekua7959-luxor-west-side-b4973\/","title":{"rendered":"EKUA7959 Luxor West-Side B4973"},"content":{"rendered":"Punaisella vinyylill\u00e4 p\u00e4\u00e4llystetty muovikotelo, kaiutineturitil\u00e4 musta harmaalla ruudutuksella. Paristokoteloiden kannet (2 kpl) puuttuvat.","protected":false},"excerpt":{"rendered":"<p>Punaisella vinyylill\u00e4 p\u00e4\u00e4llystetty muovikotelo, kaiutineturitil\u00e4 musta harmaalla ruudutuksella. Paristokoteloiden kannet (2 kpl) puuttuvat.<\/p>","protected":false},"featured_media":0,"template":"","meta":[],"_links":{"self":[{"href":"https:\/\/www.radiomarket.fi\/en\/wp-json\/wp\/v2\/product\/18967"}],"collection":[{"href":"https:\/\/www.radiomarket.fi\/en\/wp-json\/wp\/v2\/product"}],"about":[{"href":"https:\/\/www.radiomarket.fi\/en\/wp-json\/wp\/v2\/types\/product"}],"wp:attachment":[{"href":"https:\/\/www.radiomarket.fi\/en\/wp-json\/wp\/v2\/media?parent=18967"}],"curies":[{"name":"wp","href":"https:\/\/api.w.org\/{rel}","templated":true}]}}