{"id":18998,"date":"2020-10-05T11:05:33","date_gmt":"2020-10-05T08:05:33","guid":{"rendered":"https:\/\/www.radiomarket.fi\/tuote\/ekua7653-handic-15\/"},"modified":"2021-01-20T14:40:40","modified_gmt":"2021-01-20T12:40:40","slug":"ekua7653-handic-15","status":"publish","type":"product","link":"https:\/\/www.radiomarket.fi\/en\/kohde\/ekua7653-handic-15\/","title":{"rendered":"EKUA7653 Handic 15"},"content":{"rendered":"2 kelarunkoa l\u00f6ys\u00e4ll\u00e4. Katso kuvat EKUA7652 samanlainen vikoja lukuun ottamatta.","protected":false},"excerpt":{"rendered":"<p>2 kelarunkoa l\u00f6ys\u00e4ll\u00e4. Katso kuvat EKUA7652 samanlainen vikoja lukuun ottamatta.<\/p>","protected":false},"featured_media":0,"template":"","meta":[],"_links":{"self":[{"href":"https:\/\/www.radiomarket.fi\/en\/wp-json\/wp\/v2\/product\/18998"}],"collection":[{"href":"https:\/\/www.radiomarket.fi\/en\/wp-json\/wp\/v2\/product"}],"about":[{"href":"https:\/\/www.radiomarket.fi\/en\/wp-json\/wp\/v2\/types\/product"}],"wp:attachment":[{"href":"https:\/\/www.radiomarket.fi\/en\/wp-json\/wp\/v2\/media?parent=18998"}],"curies":[{"name":"wp","href":"https:\/\/api.w.org\/{rel}","templated":true}]}}