{"id":19010,"date":"2020-10-05T11:05:36","date_gmt":"2020-10-05T08:05:36","guid":{"rendered":"https:\/\/www.radiomarket.fi\/tuote\/ekua7199-tuntematon-silkkipaperi\/"},"modified":"2021-01-25T21:51:39","modified_gmt":"2021-01-25T19:51:39","slug":"ekua7199-tuntematon-silkkipaperi","status":"publish","type":"product","link":"https:\/\/www.radiomarket.fi\/en\/kohde\/ekua7199-tuntematon-silkkipaperi\/","title":{"rendered":"EKUA7199 Arkistokelpoinen Silkkipaperi"},"content":{"rendered":"Valkoinen happovapaa, puskuroimaton silkkipaperi arkistomateriaalin, valokuvien ja esineiden suojaukseen ja pitk\u00e4aikaiss\u00e4ilytykseen. Myyd\u00e4\u00e4n metreitt\u00e4in, \u20ac5.50\/m","protected":false},"excerpt":{"rendered":"<p>Valkoinen happovapaa, puskuroimaton silkkipaperi arkistomateriaalin, valokuvien ja esineiden suojaukseen ja pitk\u00e4aikaiss\u00e4ilytykseen. Myyd\u00e4\u00e4n metreitt\u00e4in, \u20ac5.50\/m<\/p>","protected":false},"featured_media":0,"template":"","meta":[],"_links":{"self":[{"href":"https:\/\/www.radiomarket.fi\/en\/wp-json\/wp\/v2\/product\/19010"}],"collection":[{"href":"https:\/\/www.radiomarket.fi\/en\/wp-json\/wp\/v2\/product"}],"about":[{"href":"https:\/\/www.radiomarket.fi\/en\/wp-json\/wp\/v2\/types\/product"}],"wp:attachment":[{"href":"https:\/\/www.radiomarket.fi\/en\/wp-json\/wp\/v2\/media?parent=19010"}],"curies":[{"name":"wp","href":"https:\/\/api.w.org\/{rel}","templated":true}]}}