{"id":19012,"date":"2020-10-05T11:05:36","date_gmt":"2020-10-05T08:05:36","guid":{"rendered":"https:\/\/www.radiomarket.fi\/tuote\/ekua7179x-muu-postimerkki\/"},"modified":"2020-11-26T19:30:32","modified_gmt":"2020-11-26T17:30:32","slug":"ekua7179x-muu-postimerkki","status":"publish","type":"product","link":"https:\/\/www.radiomarket.fi\/en\/kohde\/ekua7179x-muu-postimerkki\/","title":{"rendered":"EKUA7179x Postimerkki Suomen Televisio"},"content":{"rendered":"K\u00e4ytt\u00e4m\u00e4tt\u00f6mi\u00e4.","protected":false},"excerpt":{"rendered":"<p>K\u00e4ytt\u00e4m\u00e4tt\u00f6mi\u00e4.<\/p>","protected":false},"featured_media":8328,"template":"","meta":[],"_links":{"self":[{"href":"https:\/\/www.radiomarket.fi\/en\/wp-json\/wp\/v2\/product\/19012"}],"collection":[{"href":"https:\/\/www.radiomarket.fi\/en\/wp-json\/wp\/v2\/product"}],"about":[{"href":"https:\/\/www.radiomarket.fi\/en\/wp-json\/wp\/v2\/types\/product"}],"wp:featuredmedia":[{"embeddable":true,"href":"https:\/\/www.radiomarket.fi\/en\/wp-json\/wp\/v2\/media\/8328"}],"wp:attachment":[{"href":"https:\/\/www.radiomarket.fi\/en\/wp-json\/wp\/v2\/media?parent=19012"}],"curies":[{"name":"wp","href":"https:\/\/api.w.org\/{rel}","templated":true}]}}