{"id":19032,"date":"2020-10-05T11:05:41","date_gmt":"2020-10-05T08:05:41","guid":{"rendered":"https:\/\/www.radiomarket.fi\/tuote\/ekua6182-ericsson-soittokello\/"},"modified":"2020-10-05T11:05:41","modified_gmt":"2020-10-05T08:05:41","slug":"ekua6182-ericsson-soittokello","status":"publish","type":"product","link":"https:\/\/www.radiomarket.fi\/en\/kohde\/ekua6182-ericsson-soittokello\/","title":{"rendered":"EKUA6182 Ericsson soittokello"},"content":{"rendered":"Reik\u00e4 5mm. Vaikuttaa Ericsson-merkkiselt\u00e4.","protected":false},"excerpt":{"rendered":"<p>Reik\u00e4 5mm. Vaikuttaa Ericsson-merkkiselt\u00e4.<\/p>","protected":false},"featured_media":0,"template":"","meta":[],"_links":{"self":[{"href":"https:\/\/www.radiomarket.fi\/en\/wp-json\/wp\/v2\/product\/19032"}],"collection":[{"href":"https:\/\/www.radiomarket.fi\/en\/wp-json\/wp\/v2\/product"}],"about":[{"href":"https:\/\/www.radiomarket.fi\/en\/wp-json\/wp\/v2\/types\/product"}],"wp:attachment":[{"href":"https:\/\/www.radiomarket.fi\/en\/wp-json\/wp\/v2\/media?parent=19032"}],"curies":[{"name":"wp","href":"https:\/\/api.w.org\/{rel}","templated":true}]}}