{"id":19035,"date":"2020-10-05T11:05:42","date_gmt":"2020-10-05T08:05:42","guid":{"rendered":"https:\/\/www.radiomarket.fi\/tuote\/ekua6019-atea-johtajapuhelin\/"},"modified":"2020-10-05T11:05:42","modified_gmt":"2020-10-05T08:05:42","slug":"ekua6019-atea-johtajapuhelin","status":"publish","type":"product","link":"https:\/\/www.radiomarket.fi\/en\/kohde\/ekua6019-atea-johtajapuhelin\/","title":{"rendered":"EKUA6019 ATEA johtajapuhelin"},"content":{"rendered":"Ainakin luuri, pohjalevy ja sein\u00e4\u00e4n tuleva laatikko puuttuvat.","protected":false},"excerpt":{"rendered":"<p>Ainakin luuri, pohjalevy ja sein\u00e4\u00e4n tuleva laatikko puuttuvat.<\/p>","protected":false},"featured_media":0,"template":"","meta":[],"_links":{"self":[{"href":"https:\/\/www.radiomarket.fi\/en\/wp-json\/wp\/v2\/product\/19035"}],"collection":[{"href":"https:\/\/www.radiomarket.fi\/en\/wp-json\/wp\/v2\/product"}],"about":[{"href":"https:\/\/www.radiomarket.fi\/en\/wp-json\/wp\/v2\/types\/product"}],"wp:attachment":[{"href":"https:\/\/www.radiomarket.fi\/en\/wp-json\/wp\/v2\/media?parent=19035"}],"curies":[{"name":"wp","href":"https:\/\/api.w.org\/{rel}","templated":true}]}}