{"id":19047,"date":"2020-10-05T11:05:44","date_gmt":"2020-10-05T08:05:44","guid":{"rendered":"https:\/\/www.radiomarket.fi\/tuote\/ekua5436-philips-d7180-00l\/"},"modified":"2023-04-20T13:35:12","modified_gmt":"2023-04-20T10:35:12","slug":"ekua5436-philips-d7180-00l","status":"publish","type":"product","link":"https:\/\/www.radiomarket.fi\/en\/kohde\/ekua5436-philips-d7180-00l\/","title":{"rendered":"EKUA5436 Philips D7180\/00L"},"content":{"rendered":"<p>Punainen\/musta muovikuorinen laite, jossa p\u00e4\u00e4ll\u00e4 musta kantokahva ja mustalla pohjalla mustat painonapit, ylh\u00e4\u00e4ll\u00e4 vasemmalla vaaka-asteikko ja oikealla kaiutin. Musta kasettipes\u00e4 edess\u00e4 vasemmalla. Paristo\/verkkok\u00e4ytt\u00f6inen. Paristojen luukku rikki, ei pysy en\u00e4\u00e4 itsest\u00e4\u00e4n paikallaan, vaan se on ollut teipattuna ja nyt takakuori on laajalti teipist\u00e4 irronneen liiman sotkema.<\/p>","protected":false},"excerpt":{"rendered":"<p>Punainen\/musta muovikuorinen laite, jossa p\u00e4\u00e4ll\u00e4 musta kantokahva ja mustalla pohjalla mustat painonapit, ylh\u00e4\u00e4ll\u00e4 vasemmalla vaaka-asteikko ja oikealla kaiutin. Musta kasettipes\u00e4 edess\u00e4 vasemmalla. Paristo\/verkkok\u00e4ytt\u00f6inen. Paristojen luukku rikki, ei pysy en\u00e4\u00e4 itsest\u00e4\u00e4n paikallaan, vaan se on ollut teipattuna ja nyt takakuori on laajalti teipist\u00e4 irronneen liiman sotkema.<\/p>","protected":false},"featured_media":39466,"template":"","meta":[],"_links":{"self":[{"href":"https:\/\/www.radiomarket.fi\/en\/wp-json\/wp\/v2\/product\/19047"}],"collection":[{"href":"https:\/\/www.radiomarket.fi\/en\/wp-json\/wp\/v2\/product"}],"about":[{"href":"https:\/\/www.radiomarket.fi\/en\/wp-json\/wp\/v2\/types\/product"}],"wp:featuredmedia":[{"embeddable":true,"href":"https:\/\/www.radiomarket.fi\/en\/wp-json\/wp\/v2\/media\/39466"}],"wp:attachment":[{"href":"https:\/\/www.radiomarket.fi\/en\/wp-json\/wp\/v2\/media?parent=19047"}],"curies":[{"name":"wp","href":"https:\/\/api.w.org\/{rel}","templated":true}]}}