{"id":19048,"date":"2020-10-05T11:05:45","date_gmt":"2020-10-05T08:05:45","guid":{"rendered":"https:\/\/www.radiomarket.fi\/tuote\/ekua5435-ericsson-h1-7727\/"},"modified":"2020-10-05T11:05:45","modified_gmt":"2020-10-05T08:05:45","slug":"ekua5435-ericsson-h1-7727","status":"publish","type":"product","link":"https:\/\/www.radiomarket.fi\/en\/kohde\/ekua5435-ericsson-h1-7727\/","title":{"rendered":"EKUA5435 Ericsson H1 7727"},"content":{"rendered":"Viininpunainen muovikuorine laite, jossa takana poikittain luuri, etualalla py\u00f6ritett\u00e4v\u00e4 numerovalitsin. Puhelinnumero ollut ilmeisesti 486619, sill\u00e4 se on kirjoitettu paperille, joka on muovin alla puhelimen etualareunassa. Luurin alla kirkasv\u00e4rinen tarra, jossa poliisin numero 10022. Omistanut Kaisa Hakola.","protected":false},"excerpt":{"rendered":"<p>Viininpunainen muovikuorine laite, jossa takana poikittain luuri, etualalla py\u00f6ritett\u00e4v\u00e4 numerovalitsin. Puhelinnumero ollut ilmeisesti 486619, sill\u00e4 se on kirjoitettu paperille, joka on muovin alla puhelimen etualareunassa. Luurin alla kirkasv\u00e4rinen tarra, jossa poliisin numero 10022. Omistanut Kaisa Hakola.<\/p>","protected":false},"featured_media":0,"template":"","meta":[],"_links":{"self":[{"href":"https:\/\/www.radiomarket.fi\/en\/wp-json\/wp\/v2\/product\/19048"}],"collection":[{"href":"https:\/\/www.radiomarket.fi\/en\/wp-json\/wp\/v2\/product"}],"about":[{"href":"https:\/\/www.radiomarket.fi\/en\/wp-json\/wp\/v2\/types\/product"}],"wp:attachment":[{"href":"https:\/\/www.radiomarket.fi\/en\/wp-json\/wp\/v2\/media?parent=19048"}],"curies":[{"name":"wp","href":"https:\/\/api.w.org\/{rel}","templated":true}]}}