{"id":19051,"date":"2020-10-05T11:05:47","date_gmt":"2020-10-05T08:05:47","guid":{"rendered":"https:\/\/www.radiomarket.fi\/tuote\/ekua5432-ericsson-diavox\/"},"modified":"2020-10-05T11:05:47","modified_gmt":"2020-10-05T08:05:47","slug":"ekua5432-ericsson-diavox","status":"publish","type":"product","link":"https:\/\/www.radiomarket.fi\/en\/kohde\/ekua5432-ericsson-diavox\/","title":{"rendered":"EKUA5432 Ericsson Diavox"},"content":{"rendered":"Muovikuorinen laite, jossa ylh\u00e4\u00e4ll\u00e4 laitteen p\u00e4\u00e4ll\u00e4 mustalla pohjalla musta luuri ja sen alla ruskea alue, jolla oikealla reunalla musta painonapit numeron valistsemista varten. Vasemmalla tarra, jossa ohjeita puheline eri toimintoihin liittyen.","protected":false},"excerpt":{"rendered":"<p>Muovikuorinen laite, jossa ylh\u00e4\u00e4ll\u00e4 laitteen p\u00e4\u00e4ll\u00e4 mustalla pohjalla musta luuri ja sen alla ruskea alue, jolla oikealla reunalla musta painonapit numeron valistsemista varten. Vasemmalla tarra, jossa ohjeita puheline eri toimintoihin liittyen.<\/p>","protected":false},"featured_media":0,"template":"","meta":[],"_links":{"self":[{"href":"https:\/\/www.radiomarket.fi\/en\/wp-json\/wp\/v2\/product\/19051"}],"collection":[{"href":"https:\/\/www.radiomarket.fi\/en\/wp-json\/wp\/v2\/product"}],"about":[{"href":"https:\/\/www.radiomarket.fi\/en\/wp-json\/wp\/v2\/types\/product"}],"wp:attachment":[{"href":"https:\/\/www.radiomarket.fi\/en\/wp-json\/wp\/v2\/media?parent=19051"}],"curies":[{"name":"wp","href":"https:\/\/api.w.org\/{rel}","templated":true}]}}