{"id":19053,"date":"2020-10-05T11:05:47","date_gmt":"2020-10-05T08:05:47","guid":{"rendered":"https:\/\/www.radiomarket.fi\/tuote\/ekua5430-ericsson-h1-7513\/"},"modified":"2020-10-05T11:05:47","modified_gmt":"2020-10-05T08:05:47","slug":"ekua5430-ericsson-h1-7513","status":"publish","type":"product","link":"https:\/\/www.radiomarket.fi\/en\/kohde\/ekua5430-ericsson-h1-7513\/","title":{"rendered":"EKUA5430 Ericsson H1 7513"},"content":{"rendered":"Kellert\u00e4v\u00e4, muovikuorinen laite, jossa keskell\u00e4 edess\u00e4 py\u00f6ritett\u00e4v\u00e4 numerovalitsin ja sen yl\u00e4puolella poikittain luuri.","protected":false},"excerpt":{"rendered":"<p>Kellert\u00e4v\u00e4, muovikuorinen laite, jossa keskell\u00e4 edess\u00e4 py\u00f6ritett\u00e4v\u00e4 numerovalitsin ja sen yl\u00e4puolella poikittain luuri.<\/p>","protected":false},"featured_media":0,"template":"","meta":[],"_links":{"self":[{"href":"https:\/\/www.radiomarket.fi\/en\/wp-json\/wp\/v2\/product\/19053"}],"collection":[{"href":"https:\/\/www.radiomarket.fi\/en\/wp-json\/wp\/v2\/product"}],"about":[{"href":"https:\/\/www.radiomarket.fi\/en\/wp-json\/wp\/v2\/types\/product"}],"wp:attachment":[{"href":"https:\/\/www.radiomarket.fi\/en\/wp-json\/wp\/v2\/media?parent=19053"}],"curies":[{"name":"wp","href":"https:\/\/api.w.org\/{rel}","templated":true}]}}