{"id":19057,"date":"2020-10-05T11:05:48","date_gmt":"2020-10-05T08:05:48","guid":{"rendered":"https:\/\/www.radiomarket.fi\/tuote\/ekua5396-asa-asteikkolasi\/"},"modified":"2022-12-29T06:23:56","modified_gmt":"2022-12-29T04:23:56","slug":"ekua5396-asa-asteikkolasi","status":"publish","type":"product","link":"https:\/\/www.radiomarket.fi\/en\/kohde\/ekua5396-asa-asteikkolasi\/","title":{"rendered":"EKUA5396 Asa Asteikkolasi"},"content":{"rendered":"<p>Moniv\u00e4rist\u00e4 teksti\u00e4<\/p>","protected":false},"excerpt":{"rendered":"<p>Moniv\u00e4rist\u00e4 teksti\u00e4<\/p>","protected":false},"featured_media":0,"template":"","meta":[],"_links":{"self":[{"href":"https:\/\/www.radiomarket.fi\/en\/wp-json\/wp\/v2\/product\/19057"}],"collection":[{"href":"https:\/\/www.radiomarket.fi\/en\/wp-json\/wp\/v2\/product"}],"about":[{"href":"https:\/\/www.radiomarket.fi\/en\/wp-json\/wp\/v2\/types\/product"}],"wp:attachment":[{"href":"https:\/\/www.radiomarket.fi\/en\/wp-json\/wp\/v2\/media?parent=19057"}],"curies":[{"name":"wp","href":"https:\/\/api.w.org\/{rel}","templated":true}]}}