{"id":19058,"date":"2020-10-05T11:05:48","date_gmt":"2020-10-05T08:05:48","guid":{"rendered":"https:\/\/www.radiomarket.fi\/tuote\/ekua5394-salora-asteikkolasi\/"},"modified":"2024-03-22T15:31:54","modified_gmt":"2024-03-22T13:31:54","slug":"ekua5394-salora-asteikkolasi","status":"publish","type":"product","link":"https:\/\/www.radiomarket.fi\/en\/kohde\/ekua5394-salora-asteikkolasi\/","title":{"rendered":"EKUA5394 Salora Asteikkolasi"},"content":{"rendered":"<p>L\u00e4pin\u00e4kyv\u00e4, Valkoista teksti\u00e4<\/p>","protected":false},"excerpt":{"rendered":"<p>L\u00e4pin\u00e4kyv\u00e4, Valkoista teksti\u00e4<\/p>","protected":false},"featured_media":0,"template":"","meta":[],"_links":{"self":[{"href":"https:\/\/www.radiomarket.fi\/en\/wp-json\/wp\/v2\/product\/19058"}],"collection":[{"href":"https:\/\/www.radiomarket.fi\/en\/wp-json\/wp\/v2\/product"}],"about":[{"href":"https:\/\/www.radiomarket.fi\/en\/wp-json\/wp\/v2\/types\/product"}],"wp:attachment":[{"href":"https:\/\/www.radiomarket.fi\/en\/wp-json\/wp\/v2\/media?parent=19058"}],"curies":[{"name":"wp","href":"https:\/\/api.w.org\/{rel}","templated":true}]}}