{"id":19071,"date":"2020-10-05T11:05:51","date_gmt":"2020-10-05T08:05:51","guid":{"rendered":"https:\/\/www.radiomarket.fi\/tuote\/ekua5374-tuntematon-norjalainen-asteikkolasi\/"},"modified":"2022-12-29T03:58:27","modified_gmt":"2022-12-29T01:58:27","slug":"ekua5374-tuntematon-norjalainen-asteikkolasi","status":"publish","type":"product","link":"https:\/\/www.radiomarket.fi\/en\/kohde\/ekua5374-tuntematon-norjalainen-asteikkolasi\/","title":{"rendered":"EKUA5374 4151\/52 Export EM 071893 asteikkolasi (EKUM)"},"content":{"rendered":"<p>Vaaleanruskea. Eriv\u00e4rist\u00e4 teksti\u00e4<\/p>","protected":false},"excerpt":{"rendered":"<p>Vaaleanruskea. Eriv\u00e4rist\u00e4 teksti\u00e4<\/p>","protected":false},"featured_media":36331,"template":"","meta":[],"_links":{"self":[{"href":"https:\/\/www.radiomarket.fi\/en\/wp-json\/wp\/v2\/product\/19071"}],"collection":[{"href":"https:\/\/www.radiomarket.fi\/en\/wp-json\/wp\/v2\/product"}],"about":[{"href":"https:\/\/www.radiomarket.fi\/en\/wp-json\/wp\/v2\/types\/product"}],"wp:featuredmedia":[{"embeddable":true,"href":"https:\/\/www.radiomarket.fi\/en\/wp-json\/wp\/v2\/media\/36331"}],"wp:attachment":[{"href":"https:\/\/www.radiomarket.fi\/en\/wp-json\/wp\/v2\/media?parent=19071"}],"curies":[{"name":"wp","href":"https:\/\/api.w.org\/{rel}","templated":true}]}}