{"id":19074,"date":"2020-10-05T11:05:51","date_gmt":"2020-10-05T08:05:51","guid":{"rendered":"https:\/\/www.radiomarket.fi\/tuote\/ekua5366-philips-fx-516-78\/"},"modified":"2022-12-29T03:49:34","modified_gmt":"2022-12-29T01:49:34","slug":"ekua5366-philips-fx-516-78","status":"publish","type":"product","link":"https:\/\/www.radiomarket.fi\/en\/kohde\/ekua5366-philips-fx-516-78\/","title":{"rendered":"EKUA5366 Philips Fx 516 78 asteikkopleksi (EKUM)"},"content":{"rendered":"<p>L\u00e4pin\u00e4kyv\u00e4 ja kullanv\u00e4rinen. Alareunassa lohkeama.<\/p>","protected":false},"excerpt":{"rendered":"<p>L\u00e4pin\u00e4kyv\u00e4 ja kullanv\u00e4rinen. Alareunassa lohkeama.<\/p>","protected":false},"featured_media":36330,"template":"","meta":[],"_links":{"self":[{"href":"https:\/\/www.radiomarket.fi\/en\/wp-json\/wp\/v2\/product\/19074"}],"collection":[{"href":"https:\/\/www.radiomarket.fi\/en\/wp-json\/wp\/v2\/product"}],"about":[{"href":"https:\/\/www.radiomarket.fi\/en\/wp-json\/wp\/v2\/types\/product"}],"wp:featuredmedia":[{"embeddable":true,"href":"https:\/\/www.radiomarket.fi\/en\/wp-json\/wp\/v2\/media\/36330"}],"wp:attachment":[{"href":"https:\/\/www.radiomarket.fi\/en\/wp-json\/wp\/v2\/media?parent=19074"}],"curies":[{"name":"wp","href":"https:\/\/api.w.org\/{rel}","templated":true}]}}