{"id":19075,"date":"2020-10-05T11:05:51","date_gmt":"2020-10-05T08:05:51","guid":{"rendered":"https:\/\/www.radiomarket.fi\/tuote\/ekua5363-salora-810v\/"},"modified":"2024-04-27T13:21:02","modified_gmt":"2024-04-27T10:21:02","slug":"ekua5363-salora-810v","status":"publish","type":"product","link":"https:\/\/www.radiomarket.fi\/en\/kohde\/ekua5363-salora-810v\/","title":{"rendered":"EKUA5363 Salora 810V (EKUM)"},"content":{"rendered":"<p>L\u00e4pin\u00e4kyv\u00e4. Vaatii puhdistusta, ULA 87-110 Mhz<\/p>","protected":false},"excerpt":{"rendered":"<p>Suosittelemme asteikkolaseille s\u00e4rkyv\u00e4-lis\u00e4palvelua (ostettavissa erillisen\u00e4 tuotteena).<\/p>","protected":false},"featured_media":36328,"template":"","meta":[],"_links":{"self":[{"href":"https:\/\/www.radiomarket.fi\/en\/wp-json\/wp\/v2\/product\/19075"}],"collection":[{"href":"https:\/\/www.radiomarket.fi\/en\/wp-json\/wp\/v2\/product"}],"about":[{"href":"https:\/\/www.radiomarket.fi\/en\/wp-json\/wp\/v2\/types\/product"}],"wp:featuredmedia":[{"embeddable":true,"href":"https:\/\/www.radiomarket.fi\/en\/wp-json\/wp\/v2\/media\/36328"}],"wp:attachment":[{"href":"https:\/\/www.radiomarket.fi\/en\/wp-json\/wp\/v2\/media?parent=19075"}],"curies":[{"name":"wp","href":"https:\/\/api.w.org\/{rel}","templated":true}]}}