{"id":19083,"date":"2020-10-05T11:05:54","date_gmt":"2020-10-05T08:05:54","guid":{"rendered":"https:\/\/www.radiomarket.fi\/tuote\/ekua5311-philips-tele-tasku-nro-prg1012-peep-me\/"},"modified":"2022-01-29T17:44:33","modified_gmt":"2022-01-29T15:44:33","slug":"ekua5311-philips-tele-tasku-nro-prg1012-peep-me","status":"publish","type":"product","link":"https:\/\/www.radiomarket.fi\/en\/kohde\/ekua5311-philips-tele-tasku-nro-prg1012-peep-me\/","title":{"rendered":"EKUA5311 Philips Tele Tasku Nro PRG1012 peep me (EKUM)"},"content":{"rendered":"<p>Musta muovinen laite. P\u00e4\u00e4ll\u00e4 lukee \u201dTele Tasku nro\u201d ja takana \u201dPhilips\u201d. 1990-luvun alkupuolella k\u00e4ytetty tavoitettavuuspalvelu. Palvelusta l\u00f6ytyy maininta mm. Telen vuoden 1994 vuosikertomuksesta. Palvelu lopetettu 2000-luvun alussa.<\/p>","protected":false},"excerpt":{"rendered":"<p>Musta muovinen laite. P\u00e4\u00e4ll\u00e4 lukee \u201dTele Tasku nro\u201d ja takana \u201dPhilips\u201d. 1990-luvun alkupuolella k\u00e4ytetty tavoitettavuuspalvelu. Palvelusta l\u00f6ytyy maininta mm. Telen vuoden 1994 vuosikertomuksesta. Palvelu lopetettu 2000-luvun alussa.<\/p>","protected":false},"featured_media":30502,"template":"","meta":[],"_links":{"self":[{"href":"https:\/\/www.radiomarket.fi\/en\/wp-json\/wp\/v2\/product\/19083"}],"collection":[{"href":"https:\/\/www.radiomarket.fi\/en\/wp-json\/wp\/v2\/product"}],"about":[{"href":"https:\/\/www.radiomarket.fi\/en\/wp-json\/wp\/v2\/types\/product"}],"wp:featuredmedia":[{"embeddable":true,"href":"https:\/\/www.radiomarket.fi\/en\/wp-json\/wp\/v2\/media\/30502"}],"wp:attachment":[{"href":"https:\/\/www.radiomarket.fi\/en\/wp-json\/wp\/v2\/media?parent=19083"}],"curies":[{"name":"wp","href":"https:\/\/api.w.org\/{rel}","templated":true}]}}