{"id":19088,"date":"2024-09-03T11:05:55","date_gmt":"2024-09-03T08:05:55","guid":{"rendered":"https:\/\/www.radiomarket.fi\/tuote\/ekua5143-salora-boston-24\/"},"modified":"2024-09-03T14:28:32","modified_gmt":"2024-09-03T11:28:32","slug":"ekua5143-salora-boston-24","status":"publish","type":"product","link":"https:\/\/www.radiomarket.fi\/en\/kohde\/ekua5143-salora-boston-24\/","title":{"rendered":"EKUA5143 Salora Boston 24 (EKUM)"},"content":{"rendered":"<p>Viisi pient\u00e4 hopeanv\u00e4rist\u00e4 nuppia, jotka pohjasta auki ja onttoja.<\/p>","protected":false},"excerpt":{"rendered":"<p>Kirjetoimitustuotteita kannattaa ostaa useampia kerralla, kukin kirjetoimitettava lis\u00e4tuote ostoskorissa nostaa kirjetoimituksen perusmaksua vain \u20ac0,10 (tilanne 9\/2024).<\/p>","protected":false},"featured_media":0,"template":"","meta":[],"_links":{"self":[{"href":"https:\/\/www.radiomarket.fi\/en\/wp-json\/wp\/v2\/product\/19088"}],"collection":[{"href":"https:\/\/www.radiomarket.fi\/en\/wp-json\/wp\/v2\/product"}],"about":[{"href":"https:\/\/www.radiomarket.fi\/en\/wp-json\/wp\/v2\/types\/product"}],"wp:attachment":[{"href":"https:\/\/www.radiomarket.fi\/en\/wp-json\/wp\/v2\/media?parent=19088"}],"curies":[{"name":"wp","href":"https:\/\/api.w.org\/{rel}","templated":true}]}}