{"id":19110,"date":"2026-03-18T11:06:01","date_gmt":"2026-03-18T09:06:01","guid":{"rendered":"https:\/\/www.radiomarket.fi\/tuote\/ekua4047-tuntematon-keraaminen-tehovastus\/"},"modified":"2026-03-18T14:17:02","modified_gmt":"2026-03-18T12:17:02","slug":"ekua4047-tuntematon-keraaminen-tehovastus","status":"publish","type":"product","link":"https:\/\/www.radiomarket.fi\/en\/kohde\/ekua4047-tuntematon-keraaminen-tehovastus\/","title":{"rendered":"EKUA4047 2,6 kohm Keraaminen tehovastus Siemens Halske (EKUS)"},"content":{"rendered":"<p>2,6 kilo-ohmia s\u00e4\u00e4dett\u00e4v\u00e4. Kirjetoimitus.<\/p>","protected":false},"excerpt":{"rendered":"<p>2,6 kilo-ohmia s\u00e4\u00e4dett\u00e4v\u00e4. Kirjetoimitus.<\/p>","protected":false},"featured_media":56596,"template":"","meta":[],"_links":{"self":[{"href":"https:\/\/www.radiomarket.fi\/en\/wp-json\/wp\/v2\/product\/19110"}],"collection":[{"href":"https:\/\/www.radiomarket.fi\/en\/wp-json\/wp\/v2\/product"}],"about":[{"href":"https:\/\/www.radiomarket.fi\/en\/wp-json\/wp\/v2\/types\/product"}],"wp:featuredmedia":[{"embeddable":true,"href":"https:\/\/www.radiomarket.fi\/en\/wp-json\/wp\/v2\/media\/56596"}],"wp:attachment":[{"href":"https:\/\/www.radiomarket.fi\/en\/wp-json\/wp\/v2\/media?parent=19110"}],"curies":[{"name":"wp","href":"https:\/\/api.w.org\/{rel}","templated":true}]}}