{"id":19114,"date":"2026-03-18T11:06:02","date_gmt":"2026-03-18T09:06:02","guid":{"rendered":"https:\/\/www.radiomarket.fi\/tuote\/ekua4043-tuntematon-keraaminen-tehovastus\/"},"modified":"2026-03-18T13:15:48","modified_gmt":"2026-03-18T11:15:48","slug":"ekua4043-tuntematon-keraaminen-tehovastus","status":"publish","type":"product","link":"https:\/\/www.radiomarket.fi\/en\/kohde\/ekua4043-tuntematon-keraaminen-tehovastus\/","title":{"rendered":"EKUA4043 10 kohm keraaminen tehovastus 90mm SE CI R.S.S 16.90 (EKUS)"},"content":{"rendered":"<p>Keraaminen suuritehoinen lankavastus. Toimitetaan pienen\u00e4 pakettina s\u00e4rkymisvaaran vuoksi. Ostaessasi useampia kappaleita tee tilaus s\u00e4hk\u00f6postilla, koska toimituskuluautomaatti laskee kulun useammalle kappaleelle tarpeettoman suureksi. Asiakkaan halutessa voidaan toimittaa my\u00f6s kirjeen\u00e4 koon salliessa. Tuotekuva viitteellinen, tuote on kuvankaltainen.\u00a0<\/p><p>10 kilo-ohmia<\/p>","protected":false},"excerpt":{"rendered":"<p>Keraaminen suuritehoinen lankavastus. Toimitetaan pienen\u00e4 pakettina s\u00e4rkymisvaaran vuoksi. Ostaessasi useampia kappaleita tee tilaus s\u00e4hk\u00f6postilla, koska toimituskuluautomaatti laskee kulun useammalle kappaleelle tarpeettoman suureksi. Asiakkaan halutessa voidaan toimittaa my\u00f6s kirjeen\u00e4 koon salliessa. Tuotekuva viitteellinen, tuote on kuvankaltainen.\u00a010 kilo-ohmia<\/p>","protected":false},"featured_media":56583,"template":"","meta":[],"_links":{"self":[{"href":"https:\/\/www.radiomarket.fi\/en\/wp-json\/wp\/v2\/product\/19114"}],"collection":[{"href":"https:\/\/www.radiomarket.fi\/en\/wp-json\/wp\/v2\/product"}],"about":[{"href":"https:\/\/www.radiomarket.fi\/en\/wp-json\/wp\/v2\/types\/product"}],"wp:featuredmedia":[{"embeddable":true,"href":"https:\/\/www.radiomarket.fi\/en\/wp-json\/wp\/v2\/media\/56583"}],"wp:attachment":[{"href":"https:\/\/www.radiomarket.fi\/en\/wp-json\/wp\/v2\/media?parent=19114"}],"curies":[{"name":"wp","href":"https:\/\/api.w.org\/{rel}","templated":true}]}}