{"id":19115,"date":"2026-03-18T11:06:02","date_gmt":"2026-03-18T09:06:02","guid":{"rendered":"https:\/\/www.radiomarket.fi\/tuote\/ekua4042-tuntematon-keraaminen-tehovastus\/"},"modified":"2026-03-18T13:12:49","modified_gmt":"2026-03-18T11:12:49","slug":"ekua4042-tuntematon-keraaminen-tehovastus","status":"publish","type":"product","link":"https:\/\/www.radiomarket.fi\/en\/kohde\/ekua4042-tuntematon-keraaminen-tehovastus\/","title":{"rendered":"EKUA4042 25 ohm keraaminen tehovastus 165mm SE CI RVR 19.165 MAX 2A (EKUS)"},"content":{"rendered":"<p>Keraaminen suuritehoinen lankavastus. Toimitetaan pienen\u00e4 pakettina s\u00e4rkymisvaaran vuoksi. Ostaessasi useampia kappaleita tee tilaus s\u00e4hk\u00f6postilla, koska toimituskuluautomaatti laskee kulun useammalle kappaleelle tarpeettoman suureksi. Asiakkaan halutessa voidaan toimittaa my\u00f6s kirjeen\u00e4 koon salliessa.\u00a0<\/p><p>25 ohmia<\/p>","protected":false},"excerpt":{"rendered":"<p>Keraaminen suuritehoinen lankavastus. Toimitetaan pienen\u00e4 pakettina s\u00e4rkymisvaaran vuoksi. Ostaessasi useampia kappaleita tee tilaus s\u00e4hk\u00f6postilla, koska toimituskuluautomaatti laskee kulun useammalle kappaleelle tarpeettoman suureksi. Asiakkaan halutessa voidaan toimittaa my\u00f6s kirjeen\u00e4 koon salliessa.\u00a025 ohmia<\/p>","protected":false},"featured_media":56590,"template":"","meta":[],"_links":{"self":[{"href":"https:\/\/www.radiomarket.fi\/en\/wp-json\/wp\/v2\/product\/19115"}],"collection":[{"href":"https:\/\/www.radiomarket.fi\/en\/wp-json\/wp\/v2\/product"}],"about":[{"href":"https:\/\/www.radiomarket.fi\/en\/wp-json\/wp\/v2\/types\/product"}],"wp:featuredmedia":[{"embeddable":true,"href":"https:\/\/www.radiomarket.fi\/en\/wp-json\/wp\/v2\/media\/56590"}],"wp:attachment":[{"href":"https:\/\/www.radiomarket.fi\/en\/wp-json\/wp\/v2\/media?parent=19115"}],"curies":[{"name":"wp","href":"https:\/\/api.w.org\/{rel}","templated":true}]}}