{"id":19117,"date":"2026-03-18T11:06:02","date_gmt":"2026-03-18T09:06:02","guid":{"rendered":"https:\/\/www.radiomarket.fi\/tuote\/ekua4040-tuntematon-keraaminen-tehovastus\/"},"modified":"2026-03-18T13:00:49","modified_gmt":"2026-03-18T11:00:49","slug":"ekua4040-tuntematon-keraaminen-tehovastus","status":"publish","type":"product","link":"https:\/\/www.radiomarket.fi\/en\/kohde\/ekua4040-tuntematon-keraaminen-tehovastus\/","title":{"rendered":"EKUA4040 5 kohm keraaminen tehovastus 100mm RL 9E GWS100 (EKUS)"},"content":{"rendered":"<p>Keraaminen suuritehoinen lankavastus. Toimitetaan pienen\u00e4 pakettina s\u00e4rkymisvaaran vuoksi. Ostaessasi useampia kappaleita tee tilaus s\u00e4hk\u00f6postilla, koska toimituskuluautomaatti laskee kulun useammalle kappaleelle tarpeettoman suureksi. Asiakkaan halutessa voidaan toimittaa my\u00f6s kirjeen\u00e4 koon salliessa. Tuotekuva viitteellinen, tuote on kuvankaltainen. 5 kilo-ohmia +- 10%<\/p>","protected":false},"excerpt":{"rendered":"<p>Keraaminen suuritehoinen lankavastus. Toimitetaan pienen\u00e4 pakettina s\u00e4rkymisvaaran vuoksi. Ostaessasi useampia kappaleita tee tilaus s\u00e4hk\u00f6postilla, koska toimituskuluautomaatti laskee kulun useammalle kappaleelle tarpeettoman suureksi. Asiakkaan halutessa voidaan toimittaa my\u00f6s kirjeen\u00e4 koon salliessa. Tuotekuva viitteellinen, tuote on kuvankaltainen. 5 kilo-ohmia +- 10%<\/p>","protected":false},"featured_media":36850,"template":"","meta":[],"_links":{"self":[{"href":"https:\/\/www.radiomarket.fi\/en\/wp-json\/wp\/v2\/product\/19117"}],"collection":[{"href":"https:\/\/www.radiomarket.fi\/en\/wp-json\/wp\/v2\/product"}],"about":[{"href":"https:\/\/www.radiomarket.fi\/en\/wp-json\/wp\/v2\/types\/product"}],"wp:featuredmedia":[{"embeddable":true,"href":"https:\/\/www.radiomarket.fi\/en\/wp-json\/wp\/v2\/media\/36850"}],"wp:attachment":[{"href":"https:\/\/www.radiomarket.fi\/en\/wp-json\/wp\/v2\/media?parent=19117"}],"curies":[{"name":"wp","href":"https:\/\/api.w.org\/{rel}","templated":true}]}}