{"id":19141,"date":"2024-09-18T11:06:09","date_gmt":"2024-09-18T08:06:09","guid":{"rendered":"https:\/\/www.radiomarket.fi\/tuote\/ekua2888-philips-auto-ilona\/"},"modified":"2024-09-19T10:48:38","modified_gmt":"2024-09-19T07:48:38","slug":"ekua2888-philips-auto-ilona","status":"publish","type":"product","link":"https:\/\/www.radiomarket.fi\/en\/kohde\/ekua2888-philips-auto-ilona\/","title":{"rendered":"EKUA2888 Philips Auto-Ilona P3SF44T (EKUS)"},"content":{"rendered":"<p>Asteikkolasi rikki, vaaka-asteikko, nupit irti mutta tallessa. Antenni vaikuttaa muuten kokonaiselta, mutta siin\u00e4 ei ole antennin nuppia ja antennin huipusta pari senttimetri\u00e4 vaikuttaa litistetyn j\u00e4lkik\u00e4teen. Ei tutkittu tarkemmin. Katso my\u00f6s EKUA6282 ja EKUA6283.<br \/><br \/>Vastaava radio Fennona Fenno 443PT.\u00a0<\/p>","protected":false},"excerpt":{"rendered":"<p>Asteikkolasi rikki, vaaka-asteikko, nupit irti mutta tallessa. Antenni vaikuttaa muuten kokonaiselta, mutta siin\u00e4 ei ole antennin nuppia ja antennin huipusta pari senttimetri\u00e4 vaikuttaa litistetyn j\u00e4lkik\u00e4teen. Ei tutkittu tarkemmin. Katso my\u00f6s EKUA6282 ja EKUA6283.Vastaava radio Fennona Fenno 443PT.\u00a0<\/p>","protected":false},"featured_media":49693,"template":"","meta":[],"_links":{"self":[{"href":"https:\/\/www.radiomarket.fi\/en\/wp-json\/wp\/v2\/product\/19141"}],"collection":[{"href":"https:\/\/www.radiomarket.fi\/en\/wp-json\/wp\/v2\/product"}],"about":[{"href":"https:\/\/www.radiomarket.fi\/en\/wp-json\/wp\/v2\/types\/product"}],"wp:featuredmedia":[{"embeddable":true,"href":"https:\/\/www.radiomarket.fi\/en\/wp-json\/wp\/v2\/media\/49693"}],"wp:attachment":[{"href":"https:\/\/www.radiomarket.fi\/en\/wp-json\/wp\/v2\/media?parent=19141"}],"curies":[{"name":"wp","href":"https:\/\/api.w.org\/{rel}","templated":true}]}}