{"id":19162,"date":"2020-10-05T11:06:13","date_gmt":"2020-10-05T08:06:13","guid":{"rendered":"https:\/\/www.radiomarket.fi\/tuote\/ekua2853-grundig-televisio\/"},"modified":"2023-01-15T23:09:37","modified_gmt":"2023-01-15T21:09:37","slug":"ekua2853-grundig-televisio","status":"publish","type":"product","link":"https:\/\/www.radiomarket.fi\/en\/kohde\/ekua2853-grundig-televisio\/","title":{"rendered":"EKUA2853 Grundig Televisio P 45-446 text 14&#8243; (EKUM)"},"content":{"rendered":"<p>Analoginen v\u00e4rikuvaputkitelevisio, edess\u00e4 audio- ja videosis\u00e4\u00e4nmenot RCA, takana scart-liit\u00e4nt\u00e4. Edest\u00e4 puuttuu luukku. Mukana kaukos\u00e4\u00e4din TP623 ilman paristoa ja kaksihaarainen teleskooppiantenni. Televisio testattu, lumisade n\u00e4kyy. Esimerkiksi retropelik\u00e4ytt\u00f6\u00f6n. Testattu uudelleen 04\/2022 digiboksilla niin ett\u00e4 scartin kautta saadaan digiboksin n\u00e4ytt\u00e4m\u00e4 &#8220;Ei signaalia&#8221; ruutuun. T\u00e4m\u00e4 on pienehk\u00f6 ns. matkatelevisio, mitat luokkaa 40 x 40 x 40 cm.<\/p><p>Varmistathan tietojen oikeellisuuden myyj\u00e4lt\u00e4.<\/p>","protected":false},"excerpt":{"rendered":"<p>Analoginen v\u00e4rikuvaputkitelevisio, edess\u00e4 audio- ja videosis\u00e4\u00e4nmenot RCA, takana scart-liit\u00e4nt\u00e4. Edest\u00e4 puuttuu luukku. Mukana kaukos\u00e4\u00e4din TP623 ilman paristoa ja kaksihaarainen teleskooppiantenni. Televisio testattu, lumisade n\u00e4kyy. Esimerkiksi retropelik\u00e4ytt\u00f6\u00f6n. Testattu uudelleen 04\/2022 digiboksilla niin ett\u00e4 scartin kautta saadaan digiboksin n\u00e4ytt\u00e4m\u00e4 &#8220;Ei signaalia&#8221; ruutuun. T\u00e4m\u00e4 on pienehk\u00f6 ns. matkatelevisio, mitat luokkaa 40 x 40 x 40 cm.Varmistathan tietojen oikeellisuuden &hellip;<\/p>\n<p class=\"read-more\"> <a class=\"thunk-readmore button\" href=\"https:\/\/www.radiomarket.fi\/en\/kohde\/ekua2853-grundig-televisio\/\"> <span class=\"screen-reader-text\">EKUA2853 Grundig Televisio P 45-446 text 14&#8243; (EKUM)<\/span>Read More<\/a><\/p>","protected":false},"featured_media":27738,"template":"","meta":[],"_links":{"self":[{"href":"https:\/\/www.radiomarket.fi\/en\/wp-json\/wp\/v2\/product\/19162"}],"collection":[{"href":"https:\/\/www.radiomarket.fi\/en\/wp-json\/wp\/v2\/product"}],"about":[{"href":"https:\/\/www.radiomarket.fi\/en\/wp-json\/wp\/v2\/types\/product"}],"wp:featuredmedia":[{"embeddable":true,"href":"https:\/\/www.radiomarket.fi\/en\/wp-json\/wp\/v2\/media\/27738"}],"wp:attachment":[{"href":"https:\/\/www.radiomarket.fi\/en\/wp-json\/wp\/v2\/media?parent=19162"}],"curies":[{"name":"wp","href":"https:\/\/api.w.org\/{rel}","templated":true}]}}