{"id":19163,"date":"2025-03-23T07:06:13","date_gmt":"2025-03-23T05:06:13","guid":{"rendered":"https:\/\/www.radiomarket.fi\/tuote\/ekua2852-luxornokiaoceanic-synthesizer-rp9158\/"},"modified":"2025-03-23T08:35:45","modified_gmt":"2025-03-23T06:35:45","slug":"ekua2852-luxornokiaoceanic-synthesizer-rp9158","status":"publish","type":"product","link":"https:\/\/www.radiomarket.fi\/en\/kohde\/ekua2852-luxornokiaoceanic-synthesizer-rp9158\/","title":{"rendered":"EKUA2852 Luxor; Nokia; Oceanic Synthesizer RP9158 (EKUM)"},"content":{"rendered":"<p>N\u00e4yt\u00f6ss\u00e4 mustaa pistett\u00e4, n\u00e4ytt\u00f6vika.<\/p>","protected":false},"excerpt":{"rendered":"<p>N\u00e4yt\u00f6ss\u00e4 mustaa pistett\u00e4, n\u00e4ytt\u00f6vika.<\/p>","protected":false},"featured_media":51367,"template":"","meta":[],"_links":{"self":[{"href":"https:\/\/www.radiomarket.fi\/en\/wp-json\/wp\/v2\/product\/19163"}],"collection":[{"href":"https:\/\/www.radiomarket.fi\/en\/wp-json\/wp\/v2\/product"}],"about":[{"href":"https:\/\/www.radiomarket.fi\/en\/wp-json\/wp\/v2\/types\/product"}],"wp:featuredmedia":[{"embeddable":true,"href":"https:\/\/www.radiomarket.fi\/en\/wp-json\/wp\/v2\/media\/51367"}],"wp:attachment":[{"href":"https:\/\/www.radiomarket.fi\/en\/wp-json\/wp\/v2\/media?parent=19163"}],"curies":[{"name":"wp","href":"https:\/\/api.w.org\/{rel}","templated":true}]}}