{"id":19204,"date":"2020-10-05T11:06:23","date_gmt":"2020-10-05T08:06:23","guid":{"rendered":"https:\/\/www.radiomarket.fi\/tuote\/ekua2764x-philips-752a\/"},"modified":"2025-10-04T19:13:32","modified_gmt":"2025-10-04T16:13:32","slug":"ekua2764x-philips-752a","status":"publish","type":"product","link":"https:\/\/www.radiomarket.fi\/en\/kohde\/ekua2764x-philips-752a\/","title":{"rendered":"EKUA2764x Philips 752A (EKUB?)"},"content":{"rendered":"<p>Kaiutin keskell\u00e4 edess\u00e4, asteikko kannessa. Kierrett\u00e4v\u00e4 nuppi sen alla, yksi vasemmalla sivulla. Asteikon pohjav\u00e4ri musta. Pystyasteikko. Takakansi puuttuu, asteikkolasi rikki. EK2 ja toinen putki puuttuvat.<\/p><p>Myyd\u00e4\u00e4n osina tai kokonaisena, tilaa yksitt\u00e4iset varaosat s\u00e4hk\u00f6postitse.<\/p>","protected":false},"excerpt":{"rendered":"<p>Kaiutin keskell\u00e4 edess\u00e4, asteikko kannessa. Kierrett\u00e4v\u00e4 nuppi sen alla, yksi vasemmalla sivulla. Asteikon pohjav\u00e4ri musta. Pystyasteikko. Takakansi puuttuu, asteikkolasi rikki. EK2 ja toinen putki puuttuvat.Myyd\u00e4\u00e4n osina tai kokonaisena, tilaa yksitt\u00e4iset varaosat s\u00e4hk\u00f6postitse.<\/p>","protected":false},"featured_media":34614,"template":"","meta":[],"_links":{"self":[{"href":"https:\/\/www.radiomarket.fi\/en\/wp-json\/wp\/v2\/product\/19204"}],"collection":[{"href":"https:\/\/www.radiomarket.fi\/en\/wp-json\/wp\/v2\/product"}],"about":[{"href":"https:\/\/www.radiomarket.fi\/en\/wp-json\/wp\/v2\/types\/product"}],"wp:featuredmedia":[{"embeddable":true,"href":"https:\/\/www.radiomarket.fi\/en\/wp-json\/wp\/v2\/media\/34614"}],"wp:attachment":[{"href":"https:\/\/www.radiomarket.fi\/en\/wp-json\/wp\/v2\/media?parent=19204"}],"curies":[{"name":"wp","href":"https:\/\/api.w.org\/{rel}","templated":true}]}}