{"id":19224,"date":"2020-10-05T11:06:29","date_gmt":"2020-10-05T08:06:29","guid":{"rendered":"https:\/\/www.radiomarket.fi\/tuote\/ekua2729x-tuntematon-radion-pohjalevy\/"},"modified":"2023-02-01T13:00:58","modified_gmt":"2023-02-01T11:00:58","slug":"ekua2729x-tuntematon-radion-pohjalevy","status":"publish","type":"product","link":"https:\/\/www.radiomarket.fi\/en\/kohde\/ekua2729x-tuntematon-radion-pohjalevy\/","title":{"rendered":"EKUA2729x Tuntematon radion pohjalevy"},"content":{"rendered":"<p>Tummanruskea, pahvinen, suorakaiteen muotoinen, umpinainen levy, jossa loveuksia ja kummallakin pitk\u00e4ll\u00e4 sivulla rei\u00e4t (ruuveille).<\/p>","protected":false},"excerpt":{"rendered":"<p>Tummanruskea, pahvinen, suorakaiteen muotoinen, umpinainen levy, jossa loveuksia ja kummallakin pitk\u00e4ll\u00e4 sivulla rei\u00e4t (ruuveille).<\/p>","protected":false},"featured_media":5515,"template":"","meta":[],"_links":{"self":[{"href":"https:\/\/www.radiomarket.fi\/en\/wp-json\/wp\/v2\/product\/19224"}],"collection":[{"href":"https:\/\/www.radiomarket.fi\/en\/wp-json\/wp\/v2\/product"}],"about":[{"href":"https:\/\/www.radiomarket.fi\/en\/wp-json\/wp\/v2\/types\/product"}],"wp:featuredmedia":[{"embeddable":true,"href":"https:\/\/www.radiomarket.fi\/en\/wp-json\/wp\/v2\/media\/5515"}],"wp:attachment":[{"href":"https:\/\/www.radiomarket.fi\/en\/wp-json\/wp\/v2\/media?parent=19224"}],"curies":[{"name":"wp","href":"https:\/\/api.w.org\/{rel}","templated":true}]}}