{"id":19234,"date":"2020-10-05T11:06:31","date_gmt":"2020-10-05T08:06:31","guid":{"rendered":"https:\/\/www.radiomarket.fi\/tuote\/ekua2717x-telefunken-super-condor-965gwk\/"},"modified":"2022-01-28T16:17:01","modified_gmt":"2022-01-28T14:17:01","slug":"ekua2717x-telefunken-super-condor-965gwk","status":"publish","type":"product","link":"https:\/\/www.radiomarket.fi\/en\/kohde\/ekua2717x-telefunken-super-condor-965gwk\/","title":{"rendered":"EKUA2717x Telefunken Super Condor 965GWK takalevy ilman verkkojohtoa (EKUM)"},"content":{"rendered":"<p>Takalevyn kunto hyv\u00e4, kuvissa n\u00e4kyv\u00e4 virtaliitin myyty varaosaksi.\u00a0<\/p>","protected":false},"excerpt":{"rendered":"<p>Takalevyn kunto hyv\u00e4, kuvissa n\u00e4kyv\u00e4 virtaliitin myyty varaosaksi.\u00a0<\/p>","protected":false},"featured_media":25232,"template":"","meta":[],"_links":{"self":[{"href":"https:\/\/www.radiomarket.fi\/en\/wp-json\/wp\/v2\/product\/19234"}],"collection":[{"href":"https:\/\/www.radiomarket.fi\/en\/wp-json\/wp\/v2\/product"}],"about":[{"href":"https:\/\/www.radiomarket.fi\/en\/wp-json\/wp\/v2\/types\/product"}],"wp:featuredmedia":[{"embeddable":true,"href":"https:\/\/www.radiomarket.fi\/en\/wp-json\/wp\/v2\/media\/25232"}],"wp:attachment":[{"href":"https:\/\/www.radiomarket.fi\/en\/wp-json\/wp\/v2\/media?parent=19234"}],"curies":[{"name":"wp","href":"https:\/\/api.w.org\/{rel}","templated":true}]}}