{"id":19241,"date":"2020-10-05T11:06:33","date_gmt":"2020-10-05T08:06:33","guid":{"rendered":"https:\/\/www.radiomarket.fi\/tuote\/ekua2703x-tuntematon-putkiradion-pohjalevy\/"},"modified":"2020-10-05T11:06:33","modified_gmt":"2020-10-05T08:06:33","slug":"ekua2703x-tuntematon-putkiradion-pohjalevy","status":"publish","type":"product","link":"https:\/\/www.radiomarket.fi\/en\/kohde\/ekua2703x-tuntematon-putkiradion-pohjalevy\/","title":{"rendered":"EKUA2703x Tuntematon putkiradion pohjalevy"},"content":{"rendered":"Musta, toiselta puolelta tinapaperilla p\u00e4\u00e4llystetty ep\u00e4symmetrinen umpilevy. Ruuvinreiki\u00e4, py\u00f6reit\u00e4 ja neli\u00f6nmuotoisia aukkoja.","protected":false},"excerpt":{"rendered":"<p>Musta, toiselta puolelta tinapaperilla p\u00e4\u00e4llystetty ep\u00e4symmetrinen umpilevy. Ruuvinreiki\u00e4, py\u00f6reit\u00e4 ja neli\u00f6nmuotoisia aukkoja.<\/p>","protected":false},"featured_media":0,"template":"","meta":[],"_links":{"self":[{"href":"https:\/\/www.radiomarket.fi\/en\/wp-json\/wp\/v2\/product\/19241"}],"collection":[{"href":"https:\/\/www.radiomarket.fi\/en\/wp-json\/wp\/v2\/product"}],"about":[{"href":"https:\/\/www.radiomarket.fi\/en\/wp-json\/wp\/v2\/types\/product"}],"wp:attachment":[{"href":"https:\/\/www.radiomarket.fi\/en\/wp-json\/wp\/v2\/media?parent=19241"}],"curies":[{"name":"wp","href":"https:\/\/api.w.org\/{rel}","templated":true}]}}