{"id":19258,"date":"2024-01-16T21:02:37","date_gmt":"2024-01-16T19:02:37","guid":{"rendered":"https:\/\/www.radiomarket.fi\/tuote\/ekua2678x-hitachi-videonauhuri\/"},"modified":"2024-01-17T16:36:21","modified_gmt":"2024-01-17T14:36:21","slug":"ekua2678x-hitachi-videonauhuri","status":"publish","type":"product","link":"https:\/\/www.radiomarket.fi\/en\/kohde\/ekua2678x-hitachi-videonauhuri\/","title":{"rendered":"EKUA2678x Hitachi SV-460 VCR-nauhuri"},"content":{"rendered":"<p>Varastoitu vaihtelevissa l\u00e4mp\u00f6tiloissa. Ensisijaisesti nouto. Tiedustele my\u00f6s toimitusmahdollisuuksia.<br \/><br \/>Ei tutkittu tarkemmin.<\/p>","protected":false},"excerpt":{"rendered":"<p>Varastoitu vaihtelevissa l\u00e4mp\u00f6tiloissa. Ensisijaisesti nouto. Tiedustele my\u00f6s toimitusmahdollisuuksia.Ei tutkittu tarkemmin.<\/p>","protected":false},"featured_media":44755,"template":"","meta":[],"_links":{"self":[{"href":"https:\/\/www.radiomarket.fi\/en\/wp-json\/wp\/v2\/product\/19258"}],"collection":[{"href":"https:\/\/www.radiomarket.fi\/en\/wp-json\/wp\/v2\/product"}],"about":[{"href":"https:\/\/www.radiomarket.fi\/en\/wp-json\/wp\/v2\/types\/product"}],"wp:featuredmedia":[{"embeddable":true,"href":"https:\/\/www.radiomarket.fi\/en\/wp-json\/wp\/v2\/media\/44755"}],"wp:attachment":[{"href":"https:\/\/www.radiomarket.fi\/en\/wp-json\/wp\/v2\/media?parent=19258"}],"curies":[{"name":"wp","href":"https:\/\/api.w.org\/{rel}","templated":true}]}}