{"id":19259,"date":"2024-01-16T11:06:37","date_gmt":"2024-01-16T09:06:37","guid":{"rendered":"https:\/\/www.radiomarket.fi\/tuote\/ekua2677x-dual-400\/"},"modified":"2024-04-23T18:57:50","modified_gmt":"2024-04-23T15:57:50","slug":"ekua2677x-dual-400","status":"publish","type":"product","link":"https:\/\/www.radiomarket.fi\/en\/kohde\/ekua2677x-dual-400\/","title":{"rendered":"EKUA2677x Peter putkiradio (EKUS)"},"content":{"rendered":"<p>It\u00e4saksalainen kookas putkiradio Dual 400 -levysoittimella. Putkiradion takapahvissa ei mallimerkint\u00f6j\u00e4, mutta radion sis\u00e4ll\u00e4 on Peter-merkin laatta. Koneisto on Saalburg 5050B. Nupit yleismallia. Lasivikainen. Varastoitu vaihtelevissa olosuhteissa.<\/p><p>\u00c4\u00e4nirasia Dual CDS 520 myyty varaosaksi. Kyseinen Dual 400 -levysoittimen \u00e4\u00e4nirasia on samanlainen kuin mallissa Dual 300A, 1007 ja 1008. HUOM! \u00c4\u00e4nirasia ei ole samanlainen kuin mallissa Dual 300. Mallien 300 ja 300A \u00e4\u00e4nivarretkin poikkeavat toisistaan.<\/p><p>Jalat puuttuvat radiosta, mutta jalat EKUS9535 saattavat sopia t\u00e4h\u00e4n radioon.<\/p><p>&nbsp;<\/p><p>Ei testattu eik\u00e4 tutkittu tarkemmin.<\/p>","protected":false},"excerpt":{"rendered":"<p>It\u00e4saksalainen kookas putkiradio Dual 400 -levysoittimella. Putkiradion takapahvissa ei mallimerkint\u00f6j\u00e4, mutta radion sis\u00e4ll\u00e4 on Peter-merkin laatta. Koneisto on Saalburg 5050B. Nupit yleismallia. Lasivikainen. Varastoitu vaihtelevissa olosuhteissa.\u00c4\u00e4nirasia Dual CDS 520 myyty varaosaksi. Kyseinen Dual 400 -levysoittimen \u00e4\u00e4nirasia on samanlainen kuin mallissa Dual 300A, 1007 ja 1008. HUOM! \u00c4\u00e4nirasia ei ole samanlainen kuin mallissa Dual 300. Mallien &hellip;<\/p>\n<p class=\"read-more\"> <a class=\"thunk-readmore button\" href=\"https:\/\/www.radiomarket.fi\/en\/kohde\/ekua2677x-dual-400\/\"> <span class=\"screen-reader-text\">EKUA2677x Peter putkiradio (EKUS)<\/span>Read More<\/a><\/p>","protected":false},"featured_media":44748,"template":"","meta":[],"_links":{"self":[{"href":"https:\/\/www.radiomarket.fi\/en\/wp-json\/wp\/v2\/product\/19259"}],"collection":[{"href":"https:\/\/www.radiomarket.fi\/en\/wp-json\/wp\/v2\/product"}],"about":[{"href":"https:\/\/www.radiomarket.fi\/en\/wp-json\/wp\/v2\/types\/product"}],"wp:featuredmedia":[{"embeddable":true,"href":"https:\/\/www.radiomarket.fi\/en\/wp-json\/wp\/v2\/media\/44748"}],"wp:attachment":[{"href":"https:\/\/www.radiomarket.fi\/en\/wp-json\/wp\/v2\/media?parent=19259"}],"curies":[{"name":"wp","href":"https:\/\/api.w.org\/{rel}","templated":true}]}}