{"id":19279,"date":"2020-10-05T11:06:41","date_gmt":"2020-10-05T08:06:41","guid":{"rendered":"https:\/\/www.radiomarket.fi\/tuote\/ekua2192-fenno-f394v\/"},"modified":"2026-02-08T12:45:44","modified_gmt":"2026-02-08T10:45:44","slug":"ekua2192-fenno-f394v","status":"publish","type":"product","link":"https:\/\/www.radiomarket.fi\/en\/kohde\/ekua2192-fenno-f394v\/","title":{"rendered":"EKUA2192 Fenno F394V"},"content":{"rendered":"Ruskea puukotelo. Edess\u00e4 vaaka-asteikko, vaaleanruskea kaiutinkangas, nupit ja painikkeet vaaleaa muovia, j\u00e4ljell\u00e4 kellert\u00e4v\u00e4 ja valkea. Kolme puuttuu. P\u00e4\u00e4ll\u00e4 tarroja. Lasi lohjennut ja teipattu. Kaikki py\u00f6re\u00e4t s\u00e4\u00e4t\u00f6nupit poistettu, painikkeista kaksi j\u00e4ljell\u00e4.","protected":false},"excerpt":{"rendered":"<p>Ruskea puukotelo. Edess\u00e4 vaaka-asteikko, vaaleanruskea kaiutinkangas, nupit ja painikkeet vaaleaa muovia, j\u00e4ljell\u00e4 kellert\u00e4v\u00e4 ja valkea. Kolme puuttuu. P\u00e4\u00e4ll\u00e4 tarroja. Lasi lohjennut ja teipattu. Kaikki py\u00f6re\u00e4t s\u00e4\u00e4t\u00f6nupit poistettu, painikkeista kaksi j\u00e4ljell\u00e4.<\/p>","protected":false},"featured_media":4010,"template":"","meta":[],"_links":{"self":[{"href":"https:\/\/www.radiomarket.fi\/en\/wp-json\/wp\/v2\/product\/19279"}],"collection":[{"href":"https:\/\/www.radiomarket.fi\/en\/wp-json\/wp\/v2\/product"}],"about":[{"href":"https:\/\/www.radiomarket.fi\/en\/wp-json\/wp\/v2\/types\/product"}],"wp:featuredmedia":[{"embeddable":true,"href":"https:\/\/www.radiomarket.fi\/en\/wp-json\/wp\/v2\/media\/4010"}],"wp:attachment":[{"href":"https:\/\/www.radiomarket.fi\/en\/wp-json\/wp\/v2\/media?parent=19279"}],"curies":[{"name":"wp","href":"https:\/\/api.w.org\/{rel}","templated":true}]}}