{"id":19280,"date":"2020-10-05T11:06:42","date_gmt":"2020-10-05T08:06:42","guid":{"rendered":"https:\/\/www.radiomarket.fi\/tuote\/ekua2191-philips-b4sf92a\/"},"modified":"2020-11-19T22:11:06","modified_gmt":"2020-11-19T20:11:06","slug":"ekua2191-philips-b4sf92a","status":"publish","type":"product","link":"https:\/\/www.radiomarket.fi\/en\/kohde\/ekua2191-philips-b4sf92a\/","title":{"rendered":"EKUA2191 Philips B4SF92A"},"content":{"rendered":"Vaalea puukotelo. Edess\u00e4 mustapohjainen vaaka-asteikko, vaaleat muovinupit ja kotelossa kaiutinritil\u00e4. Nuppivikoja.","protected":false},"excerpt":{"rendered":"<p>Vaalea puukotelo. Edess\u00e4 mustapohjainen vaaka-asteikko, vaaleat muovinupit ja kotelossa kaiutinritil\u00e4. Nuppivikoja.<\/p>","protected":false},"featured_media":4009,"template":"","meta":[],"_links":{"self":[{"href":"https:\/\/www.radiomarket.fi\/en\/wp-json\/wp\/v2\/product\/19280"}],"collection":[{"href":"https:\/\/www.radiomarket.fi\/en\/wp-json\/wp\/v2\/product"}],"about":[{"href":"https:\/\/www.radiomarket.fi\/en\/wp-json\/wp\/v2\/types\/product"}],"wp:featuredmedia":[{"embeddable":true,"href":"https:\/\/www.radiomarket.fi\/en\/wp-json\/wp\/v2\/media\/4009"}],"wp:attachment":[{"href":"https:\/\/www.radiomarket.fi\/en\/wp-json\/wp\/v2\/media?parent=19280"}],"curies":[{"name":"wp","href":"https:\/\/api.w.org\/{rel}","templated":true}]}}