{"id":19284,"date":"2020-10-05T11:06:42","date_gmt":"2020-10-05T08:06:42","guid":{"rendered":"https:\/\/www.radiomarket.fi\/tuote\/ekua2184-asa-1100-q\/"},"modified":"2020-11-19T22:02:26","modified_gmt":"2020-11-19T20:02:26","slug":"ekua2184-asa-1100-q","status":"publish","type":"product","link":"https:\/\/www.radiomarket.fi\/en\/kohde\/ekua2184-asa-1100-q\/","title":{"rendered":"EKUA2184 Asa 1100 Q"},"content":{"rendered":"Vaaleanruskeaa puuta ja mustaa muovia. P\u00e4\u00e4ll\u00e4 kasettinauhuri, edess\u00e4 mustapohjainen vaaka-asteikko, nuppeja ja painikkeita. Kulumaa kotelossa, kasettipes\u00e4n kansi halki.","protected":false},"excerpt":{"rendered":"<p>Vaaleanruskeaa puuta ja mustaa muovia. P\u00e4\u00e4ll\u00e4 kasettinauhuri, edess\u00e4 mustapohjainen vaaka-asteikko, nuppeja ja painikkeita. Kulumaa kotelossa, kasettipes\u00e4n kansi halki.<\/p>","protected":false},"featured_media":3992,"template":"","meta":[],"_links":{"self":[{"href":"https:\/\/www.radiomarket.fi\/en\/wp-json\/wp\/v2\/product\/19284"}],"collection":[{"href":"https:\/\/www.radiomarket.fi\/en\/wp-json\/wp\/v2\/product"}],"about":[{"href":"https:\/\/www.radiomarket.fi\/en\/wp-json\/wp\/v2\/types\/product"}],"wp:featuredmedia":[{"embeddable":true,"href":"https:\/\/www.radiomarket.fi\/en\/wp-json\/wp\/v2\/media\/3992"}],"wp:attachment":[{"href":"https:\/\/www.radiomarket.fi\/en\/wp-json\/wp\/v2\/media?parent=19284"}],"curies":[{"name":"wp","href":"https:\/\/api.w.org\/{rel}","templated":true}]}}