{"id":19285,"date":"2020-10-05T11:06:43","date_gmt":"2020-10-05T08:06:43","guid":{"rendered":"https:\/\/www.radiomarket.fi\/tuote\/ekua2183-hitachi-matkaradio\/"},"modified":"2020-11-19T22:01:26","modified_gmt":"2020-11-19T20:01:26","slug":"ekua2183-hitachi-matkaradio","status":"publish","type":"product","link":"https:\/\/www.radiomarket.fi\/en\/kohde\/ekua2183-hitachi-matkaradio\/","title":{"rendered":"EKUA2183 Hitachi matkaradio"},"content":{"rendered":"Tummanharmaata muovia. Edess\u00e4 kasettipes\u00e4 ja kaiutin, p\u00e4\u00e4ll\u00e4 k\u00e4ytt\u00f6painikkeet ja -nupit ja kantokahva. Antenni puuttuu.","protected":false},"excerpt":{"rendered":"<p>Tummanharmaata muovia. Edess\u00e4 kasettipes\u00e4 ja kaiutin, p\u00e4\u00e4ll\u00e4 k\u00e4ytt\u00f6painikkeet ja -nupit ja kantokahva. Antenni puuttuu.<\/p>","protected":false},"featured_media":3991,"template":"","meta":[],"_links":{"self":[{"href":"https:\/\/www.radiomarket.fi\/en\/wp-json\/wp\/v2\/product\/19285"}],"collection":[{"href":"https:\/\/www.radiomarket.fi\/en\/wp-json\/wp\/v2\/product"}],"about":[{"href":"https:\/\/www.radiomarket.fi\/en\/wp-json\/wp\/v2\/types\/product"}],"wp:featuredmedia":[{"embeddable":true,"href":"https:\/\/www.radiomarket.fi\/en\/wp-json\/wp\/v2\/media\/3991"}],"wp:attachment":[{"href":"https:\/\/www.radiomarket.fi\/en\/wp-json\/wp\/v2\/media?parent=19285"}],"curies":[{"name":"wp","href":"https:\/\/api.w.org\/{rel}","templated":true}]}}