{"id":19288,"date":"2020-10-05T11:06:44","date_gmt":"2020-10-05T08:06:44","guid":{"rendered":"https:\/\/www.radiomarket.fi\/tuote\/ekua2178-salora-radio\/"},"modified":"2026-02-08T12:44:30","modified_gmt":"2026-02-08T10:44:30","slug":"ekua2178-salora-radio","status":"publish","type":"product","link":"https:\/\/www.radiomarket.fi\/en\/kohde\/ekua2178-salora-radio\/","title":{"rendered":"EKUA2178 Salora Radio ULA-lis\u00e4laitteella (EKUS)"},"content":{"rendered":"<p>Sis\u00e4ll\u00e4 ULA-lis\u00e4laite. Ruskea puukotelo. Edess\u00e4 vaalea kaiutinkangas ja sen alla vaaka-asteikko ja kaksi tummanruskeaa p\u00e4\u00e4llekk\u00e4isnuppia. Takakansi puuttuu, kotelossa vikaa.<\/p>","protected":false},"excerpt":{"rendered":"<p>Sis\u00e4ll\u00e4 ULA-lis\u00e4laite. Ruskea puukotelo. Edess\u00e4 vaalea kaiutinkangas ja sen alla vaaka-asteikko ja kaksi tummanruskeaa p\u00e4\u00e4llekk\u00e4isnuppia. Takakansi puuttuu, kotelossa vikaa.<\/p>","protected":false},"featured_media":3985,"template":"","meta":[],"_links":{"self":[{"href":"https:\/\/www.radiomarket.fi\/en\/wp-json\/wp\/v2\/product\/19288"}],"collection":[{"href":"https:\/\/www.radiomarket.fi\/en\/wp-json\/wp\/v2\/product"}],"about":[{"href":"https:\/\/www.radiomarket.fi\/en\/wp-json\/wp\/v2\/types\/product"}],"wp:featuredmedia":[{"embeddable":true,"href":"https:\/\/www.radiomarket.fi\/en\/wp-json\/wp\/v2\/media\/3985"}],"wp:attachment":[{"href":"https:\/\/www.radiomarket.fi\/en\/wp-json\/wp\/v2\/media?parent=19288"}],"curies":[{"name":"wp","href":"https:\/\/api.w.org\/{rel}","templated":true}]}}