{"id":19295,"date":"2020-10-05T11:06:45","date_gmt":"2020-10-05T08:06:45","guid":{"rendered":"https:\/\/www.radiomarket.fi\/tuote\/ekua2164-nordmende-spectra-phonic-2001\/"},"modified":"2020-11-19T21:41:21","modified_gmt":"2020-11-19T19:41:21","slug":"ekua2164-nordmende-spectra-phonic-2001","status":"publish","type":"product","link":"https:\/\/www.radiomarket.fi\/en\/kohde\/ekua2164-nordmende-spectra-phonic-2001\/","title":{"rendered":"EKUA2164 Nordmende Spectra Phonic 2001"},"content":{"rendered":"Ruskea puukotelo. Edess\u00e4 puukotelossa vasemmalla kaiutinritil\u00e4, oikealla vaaka-asteikko ja kaksi hopeanv\u00e4rist\u00e4 nuppia. Pintavikaa ym","protected":false},"excerpt":{"rendered":"<p>Ruskea puukotelo. Edess\u00e4 puukotelossa vasemmalla kaiutinritil\u00e4, oikealla vaaka-asteikko ja kaksi hopeanv\u00e4rist\u00e4 nuppia. Pintavikaa ym<\/p>","protected":false},"featured_media":3964,"template":"","meta":[],"_links":{"self":[{"href":"https:\/\/www.radiomarket.fi\/en\/wp-json\/wp\/v2\/product\/19295"}],"collection":[{"href":"https:\/\/www.radiomarket.fi\/en\/wp-json\/wp\/v2\/product"}],"about":[{"href":"https:\/\/www.radiomarket.fi\/en\/wp-json\/wp\/v2\/types\/product"}],"wp:featuredmedia":[{"embeddable":true,"href":"https:\/\/www.radiomarket.fi\/en\/wp-json\/wp\/v2\/media\/3964"}],"wp:attachment":[{"href":"https:\/\/www.radiomarket.fi\/en\/wp-json\/wp\/v2\/media?parent=19295"}],"curies":[{"name":"wp","href":"https:\/\/api.w.org\/{rel}","templated":true}]}}