{"id":19299,"date":"2020-10-05T11:06:47","date_gmt":"2020-10-05T08:06:47","guid":{"rendered":"https:\/\/www.radiomarket.fi\/tuote\/ekua2160-unisef-1-2-2000\/"},"modified":"2023-03-16T17:47:42","modified_gmt":"2023-03-16T15:47:42","slug":"ekua2160-unisef-1-2-2000","status":"publish","type":"product","link":"https:\/\/www.radiomarket.fi\/en\/kohde\/ekua2160-unisef-1-2-2000\/","title":{"rendered":"EKUA2160 Unisef 1.2.2000 (EKUS)"},"content":{"rendered":"<p>Harmaata metallia ja muovia. Kaksi kasettipes\u00e4\u00e4, kaiuttimet molemmilla sivuilla, saa irti kokonaan. Vasemman kaiuttimen johto on poikki.<\/p><p>&nbsp;<\/p><p>Ei testattu eik\u00e4 tutkittu tarkemmin.<\/p>","protected":false},"excerpt":{"rendered":"<p>Harmaata metallia ja muovia. Kaksi kasettipes\u00e4\u00e4, kaiuttimet molemmilla sivuilla, saa irti kokonaan. Vasemman kaiuttimen johto on poikki.&nbsp;Ei testattu eik\u00e4 tutkittu tarkemmin.<\/p>","protected":false},"featured_media":3951,"template":"","meta":[],"_links":{"self":[{"href":"https:\/\/www.radiomarket.fi\/en\/wp-json\/wp\/v2\/product\/19299"}],"collection":[{"href":"https:\/\/www.radiomarket.fi\/en\/wp-json\/wp\/v2\/product"}],"about":[{"href":"https:\/\/www.radiomarket.fi\/en\/wp-json\/wp\/v2\/types\/product"}],"wp:featuredmedia":[{"embeddable":true,"href":"https:\/\/www.radiomarket.fi\/en\/wp-json\/wp\/v2\/media\/3951"}],"wp:attachment":[{"href":"https:\/\/www.radiomarket.fi\/en\/wp-json\/wp\/v2\/media?parent=19299"}],"curies":[{"name":"wp","href":"https:\/\/api.w.org\/{rel}","templated":true}]}}