{"id":19302,"date":"2023-08-12T12:06:48","date_gmt":"2023-08-12T09:06:48","guid":{"rendered":"https:\/\/www.radiomarket.fi\/tuote\/ekua2156-sony-stereo-receiver-tapedeck-hst-300\/"},"modified":"2025-10-06T14:35:47","modified_gmt":"2025-10-06T11:35:47","slug":"ekua2156-sony-stereo-receiver-tapedeck-hst-300","status":"publish","type":"product","link":"https:\/\/www.radiomarket.fi\/en\/kohde\/ekua2156-sony-stereo-receiver-tapedeck-hst-300\/","title":{"rendered":"EKUA2156 Sony Stereo Receiver Tapedeck HST-300 (EKUS)"},"content":{"rendered":"<p>Harmaata metallia, edess\u00e4 kasettipes\u00e4, vaaka-asteikko ja mittareita, nuppeja ja painikkeita. P\u00e4\u00e4llisin puolin ei n\u00e4hty puutteita.<\/p><p>Ei tutkittu tarkemmin, varmistathan tietojen oikeellisuuden myyj\u00e4lt\u00e4.<\/p>","protected":false},"excerpt":{"rendered":"<p>Harmaata metallia, edess\u00e4 kasettipes\u00e4, vaaka-asteikko ja mittareita, nuppeja ja painikkeita. P\u00e4\u00e4llisin puolin ei n\u00e4hty puutteita.Ei tutkittu tarkemmin, varmistathan tietojen oikeellisuuden myyj\u00e4lt\u00e4.<\/p>","protected":false},"featured_media":3947,"template":"","meta":[],"_links":{"self":[{"href":"https:\/\/www.radiomarket.fi\/en\/wp-json\/wp\/v2\/product\/19302"}],"collection":[{"href":"https:\/\/www.radiomarket.fi\/en\/wp-json\/wp\/v2\/product"}],"about":[{"href":"https:\/\/www.radiomarket.fi\/en\/wp-json\/wp\/v2\/types\/product"}],"wp:featuredmedia":[{"embeddable":true,"href":"https:\/\/www.radiomarket.fi\/en\/wp-json\/wp\/v2\/media\/3947"}],"wp:attachment":[{"href":"https:\/\/www.radiomarket.fi\/en\/wp-json\/wp\/v2\/media?parent=19302"}],"curies":[{"name":"wp","href":"https:\/\/api.w.org\/{rel}","templated":true}]}}