{"id":19309,"date":"2020-10-05T11:06:49","date_gmt":"2020-10-05T08:06:49","guid":{"rendered":"https:\/\/www.radiomarket.fi\/tuote\/ekua2143-salora-icog\/"},"modified":"2022-11-10T14:32:03","modified_gmt":"2022-11-10T12:32:03","slug":"ekua2143-salora-icog","status":"publish","type":"product","link":"https:\/\/www.radiomarket.fi\/en\/kohde\/ekua2143-salora-icog\/","title":{"rendered":"EKUA2143 Salora ICOG (EKUM)"},"content":{"rendered":"<p>Ruskea puukotelo. Kokonaisen oloinen. Kokonainen televisio vain noutomyyntin\u00e4 tai toimitus erikseen sovittaessa. Varaosia voidaan tapauskohtaisesti purkaa ja myyd\u00e4 my\u00f6s postimyyntin\u00e4.<\/p>","protected":false},"excerpt":{"rendered":"<p>Ruskea puukotelo. Kokonaisen oloinen. Kokonainen televisio vain noutomyyntin\u00e4 tai toimitus erikseen sovittaessa. Varaosia voidaan tapauskohtaisesti purkaa ja myyd\u00e4 my\u00f6s postimyyntin\u00e4.<\/p>","protected":false},"featured_media":3922,"template":"","meta":[],"_links":{"self":[{"href":"https:\/\/www.radiomarket.fi\/en\/wp-json\/wp\/v2\/product\/19309"}],"collection":[{"href":"https:\/\/www.radiomarket.fi\/en\/wp-json\/wp\/v2\/product"}],"about":[{"href":"https:\/\/www.radiomarket.fi\/en\/wp-json\/wp\/v2\/types\/product"}],"wp:featuredmedia":[{"embeddable":true,"href":"https:\/\/www.radiomarket.fi\/en\/wp-json\/wp\/v2\/media\/3922"}],"wp:attachment":[{"href":"https:\/\/www.radiomarket.fi\/en\/wp-json\/wp\/v2\/media?parent=19309"}],"curies":[{"name":"wp","href":"https:\/\/api.w.org\/{rel}","templated":true}]}}