{"id":19314,"date":"2020-10-05T11:06:50","date_gmt":"2020-10-05T08:06:50","guid":{"rendered":"https:\/\/www.radiomarket.fi\/tuote\/ekua2136x-basf-60\/"},"modified":"2020-10-05T11:06:50","modified_gmt":"2020-10-05T08:06:50","slug":"ekua2136x-basf-60","status":"publish","type":"product","link":"https:\/\/www.radiomarket.fi\/en\/kohde\/ekua2136x-basf-60\/","title":{"rendered":"EKUA2136x BASF 60"},"content":{"rendered":"Musta muovikotelo. Tarrassa tietoja koteloon kuuluvasta kelasta ja kirjoitettu mustekyn\u00e4ll\u00e4 mit\u00e4 nauhalle on nauhoitettu.","protected":false},"excerpt":{"rendered":"<p>Musta muovikotelo. Tarrassa tietoja koteloon kuuluvasta kelasta ja kirjoitettu mustekyn\u00e4ll\u00e4 mit\u00e4 nauhalle on nauhoitettu.<\/p>","protected":false},"featured_media":0,"template":"","meta":[],"_links":{"self":[{"href":"https:\/\/www.radiomarket.fi\/en\/wp-json\/wp\/v2\/product\/19314"}],"collection":[{"href":"https:\/\/www.radiomarket.fi\/en\/wp-json\/wp\/v2\/product"}],"about":[{"href":"https:\/\/www.radiomarket.fi\/en\/wp-json\/wp\/v2\/types\/product"}],"wp:attachment":[{"href":"https:\/\/www.radiomarket.fi\/en\/wp-json\/wp\/v2\/media?parent=19314"}],"curies":[{"name":"wp","href":"https:\/\/api.w.org\/{rel}","templated":true}]}}