{"id":19315,"date":"2020-10-05T11:06:51","date_gmt":"2020-10-05T08:06:51","guid":{"rendered":"https:\/\/www.radiomarket.fi\/tuote\/ekua2097y-ericsson-dialog-1-dlg-01232-51-89\/"},"modified":"2020-10-05T11:06:51","modified_gmt":"2020-10-05T08:06:51","slug":"ekua2097y-ericsson-dialog-1-dlg-01232-51-89","status":"publish","type":"product","link":"https:\/\/www.radiomarket.fi\/en\/kohde\/ekua2097y-ericsson-dialog-1-dlg-01232-51-89\/","title":{"rendered":"EKUA2097y Ericsson Dialog 1\/DLG 01232\/51\/89"},"content":{"rendered":"Harmaata muovia. P\u00e4\u00e4ll\u00e4 l\u00e4pin\u00e4kyv\u00e4 valintakiekko ja harmaa luuri.","protected":false},"excerpt":{"rendered":"<p>Harmaata muovia. P\u00e4\u00e4ll\u00e4 l\u00e4pin\u00e4kyv\u00e4 valintakiekko ja harmaa luuri.<\/p>","protected":false},"featured_media":0,"template":"","meta":[],"_links":{"self":[{"href":"https:\/\/www.radiomarket.fi\/en\/wp-json\/wp\/v2\/product\/19315"}],"collection":[{"href":"https:\/\/www.radiomarket.fi\/en\/wp-json\/wp\/v2\/product"}],"about":[{"href":"https:\/\/www.radiomarket.fi\/en\/wp-json\/wp\/v2\/types\/product"}],"wp:attachment":[{"href":"https:\/\/www.radiomarket.fi\/en\/wp-json\/wp\/v2\/media?parent=19315"}],"curies":[{"name":"wp","href":"https:\/\/api.w.org\/{rel}","templated":true}]}}