{"id":19327,"date":"2020-10-05T11:06:54","date_gmt":"2020-10-05T08:06:54","guid":{"rendered":"https:\/\/www.radiomarket.fi\/tuote\/ekua1541-alpine-kaiutinelementti\/"},"modified":"2023-01-20T18:47:53","modified_gmt":"2023-01-20T16:47:53","slug":"ekua1541-alpine-kaiutinelementti","status":"publish","type":"product","link":"https:\/\/www.radiomarket.fi\/en\/kohde\/ekua1541-alpine-kaiutinelementti\/","title":{"rendered":"EKUA1541 Alpine 17cm Kaiutinelementti (EKUM)"},"content":{"rendered":"<p>150w. Reik\u00e4v\u00e4lit: 6cm; 3,5cm; 2cm ei mittaustulosta eik\u00e4 rapinaa. Tarkistettava.<\/p>","protected":false},"excerpt":{"rendered":"<p>150w. Reik\u00e4v\u00e4lit: 6cm; 3,5cm; 2cm ei mittaustulosta eik\u00e4 rapinaa. Tarkistettava.<\/p>","protected":false},"featured_media":35283,"template":"","meta":[],"_links":{"self":[{"href":"https:\/\/www.radiomarket.fi\/en\/wp-json\/wp\/v2\/product\/19327"}],"collection":[{"href":"https:\/\/www.radiomarket.fi\/en\/wp-json\/wp\/v2\/product"}],"about":[{"href":"https:\/\/www.radiomarket.fi\/en\/wp-json\/wp\/v2\/types\/product"}],"wp:featuredmedia":[{"embeddable":true,"href":"https:\/\/www.radiomarket.fi\/en\/wp-json\/wp\/v2\/media\/35283"}],"wp:attachment":[{"href":"https:\/\/www.radiomarket.fi\/en\/wp-json\/wp\/v2\/media?parent=19327"}],"curies":[{"name":"wp","href":"https:\/\/api.w.org\/{rel}","templated":true}]}}