{"id":19346,"date":"2020-10-05T11:06:58","date_gmt":"2020-10-05T08:06:58","guid":{"rendered":"https:\/\/www.radiomarket.fi\/tuote\/ekua1522-luxor-kaiutinelementti\/"},"modified":"2023-02-03T10:33:03","modified_gmt":"2023-02-03T08:33:03","slug":"ekua1522-luxor-kaiutinelementti","status":"publish","type":"product","link":"https:\/\/www.radiomarket.fi\/en\/kohde\/ekua1522-luxor-kaiutinelementti\/","title":{"rendered":"EKUA1522 Luxor Briljant 154\/7 12cm reik\u00e4v\u00e4li 6,6cm kaiutinelementti (EKUM)"},"content":{"rendered":"<p>Paristotestiss\u00e4 rapisee, 12cm reik\u00e4v\u00e4li 6,6cm. Impedanssia ei mitattu. Fyysinen mitta 12cm ei kuvan perusteella t\u00e4sm\u00e4\u00e4?<\/p>","protected":false},"excerpt":{"rendered":"<p>Paristotestiss\u00e4 rapisee, 12cm reik\u00e4v\u00e4li 6,6cm. Impedanssia ei mitattu. Fyysinen mitta 12cm ei kuvan perusteella t\u00e4sm\u00e4\u00e4?<\/p>","protected":false},"featured_media":33683,"template":"","meta":[],"_links":{"self":[{"href":"https:\/\/www.radiomarket.fi\/en\/wp-json\/wp\/v2\/product\/19346"}],"collection":[{"href":"https:\/\/www.radiomarket.fi\/en\/wp-json\/wp\/v2\/product"}],"about":[{"href":"https:\/\/www.radiomarket.fi\/en\/wp-json\/wp\/v2\/types\/product"}],"wp:featuredmedia":[{"embeddable":true,"href":"https:\/\/www.radiomarket.fi\/en\/wp-json\/wp\/v2\/media\/33683"}],"wp:attachment":[{"href":"https:\/\/www.radiomarket.fi\/en\/wp-json\/wp\/v2\/media?parent=19346"}],"curies":[{"name":"wp","href":"https:\/\/api.w.org\/{rel}","templated":true}]}}