{"id":19348,"date":"2020-10-05T11:06:59","date_gmt":"2020-10-05T08:06:59","guid":{"rendered":"https:\/\/www.radiomarket.fi\/tuote\/ekua1520-tuntematon-kaiutinelementti\/"},"modified":"2023-01-20T17:38:52","modified_gmt":"2023-01-20T15:38:52","slug":"ekua1520-tuntematon-kaiutinelementti","status":"publish","type":"product","link":"https:\/\/www.radiomarket.fi\/en\/kohde\/ekua1520-tuntematon-kaiutinelementti\/","title":{"rendered":"EKUA1520 3,9OHM 21x15cm reik\u00e4v\u00e4li:18,5cm, pahvissa reik\u00e4 (EKUM)"},"content":{"rendered":"<p>Mitattu 3,9 ohmia.<\/p>","protected":false},"excerpt":{"rendered":"<p>Mitattu 3,9 ohmia.<\/p>","protected":false},"featured_media":35236,"template":"","meta":[],"_links":{"self":[{"href":"https:\/\/www.radiomarket.fi\/en\/wp-json\/wp\/v2\/product\/19348"}],"collection":[{"href":"https:\/\/www.radiomarket.fi\/en\/wp-json\/wp\/v2\/product"}],"about":[{"href":"https:\/\/www.radiomarket.fi\/en\/wp-json\/wp\/v2\/types\/product"}],"wp:featuredmedia":[{"embeddable":true,"href":"https:\/\/www.radiomarket.fi\/en\/wp-json\/wp\/v2\/media\/35236"}],"wp:attachment":[{"href":"https:\/\/www.radiomarket.fi\/en\/wp-json\/wp\/v2\/media?parent=19348"}],"curies":[{"name":"wp","href":"https:\/\/api.w.org\/{rel}","templated":true}]}}