{"id":19365,"date":"2020-10-05T11:07:04","date_gmt":"2020-10-05T08:07:04","guid":{"rendered":"https:\/\/www.radiomarket.fi\/tuote\/ekua1502-tuntematon-kaiutinelementti\/"},"modified":"2022-08-01T17:59:50","modified_gmt":"2022-08-01T14:59:50","slug":"ekua1502-tuntematon-kaiutinelementti","status":"publish","type":"product","link":"https:\/\/www.radiomarket.fi\/en\/kohde\/ekua1502-tuntematon-kaiutinelementti\/","title":{"rendered":"EKUA1502 8M 14,9 OHM 10,5&#215;15,5cm reik\u00e4v\u00e4lit: 9x14cm ja 9,5x9cm reik\u00e4 pahvissa (EKUM)"},"content":{"rendered":"<p>Reik\u00e4 pahvissa.<\/p>","protected":false},"excerpt":{"rendered":"<p>Reik\u00e4 pahvissa.<\/p>","protected":false},"featured_media":33802,"template":"","meta":[],"_links":{"self":[{"href":"https:\/\/www.radiomarket.fi\/en\/wp-json\/wp\/v2\/product\/19365"}],"collection":[{"href":"https:\/\/www.radiomarket.fi\/en\/wp-json\/wp\/v2\/product"}],"about":[{"href":"https:\/\/www.radiomarket.fi\/en\/wp-json\/wp\/v2\/types\/product"}],"wp:featuredmedia":[{"embeddable":true,"href":"https:\/\/www.radiomarket.fi\/en\/wp-json\/wp\/v2\/media\/33802"}],"wp:attachment":[{"href":"https:\/\/www.radiomarket.fi\/en\/wp-json\/wp\/v2\/media?parent=19365"}],"curies":[{"name":"wp","href":"https:\/\/api.w.org\/{rel}","templated":true}]}}