{"id":19374,"date":"2020-10-05T11:07:08","date_gmt":"2020-10-05T08:07:08","guid":{"rendered":"https:\/\/www.radiomarket.fi\/tuote\/ekua0996-sony-xo-3\/"},"modified":"2023-03-30T17:53:02","modified_gmt":"2023-03-30T14:53:02","slug":"ekua0996-sony-xo-3","status":"publish","type":"product","link":"https:\/\/www.radiomarket.fi\/en\/kohde\/ekua0996-sony-xo-3\/","title":{"rendered":"EKUA0996 Sony XO-3 (EKUS)"},"content":{"rendered":"<p>Stereo deck receiver: FM\/MW\/LW. Testattu 3\/2023: viritin ja vahvistin toimivat, mutta kasettisoittimen toinen puola ei ved\u00e4 nauhaa eli nauha ker\u00e4\u00e4ntyy soittimeen ja ruttaantuu.<\/p><p>Ei tutkittu tarkemmin.<\/p>","protected":false},"excerpt":{"rendered":"<p>Stereo deck receiver: FM\/MW\/LW. Testattu 3\/2023: viritin ja vahvistin toimivat, mutta kasettisoittimen toinen puola ei ved\u00e4 nauhaa eli nauha ker\u00e4\u00e4ntyy soittimeen ja ruttaantuu.Ei tutkittu tarkemmin.<\/p>","protected":false},"featured_media":26363,"template":"","meta":[],"_links":{"self":[{"href":"https:\/\/www.radiomarket.fi\/en\/wp-json\/wp\/v2\/product\/19374"}],"collection":[{"href":"https:\/\/www.radiomarket.fi\/en\/wp-json\/wp\/v2\/product"}],"about":[{"href":"https:\/\/www.radiomarket.fi\/en\/wp-json\/wp\/v2\/types\/product"}],"wp:featuredmedia":[{"embeddable":true,"href":"https:\/\/www.radiomarket.fi\/en\/wp-json\/wp\/v2\/media\/26363"}],"wp:attachment":[{"href":"https:\/\/www.radiomarket.fi\/en\/wp-json\/wp\/v2\/media?parent=19374"}],"curies":[{"name":"wp","href":"https:\/\/api.w.org\/{rel}","templated":true}]}}