{"id":19382,"date":"2024-09-11T11:07:10","date_gmt":"2024-09-11T08:07:10","guid":{"rendered":"https:\/\/www.radiomarket.fi\/tuote\/ekua0617-philips-bsf333u\/"},"modified":"2024-09-17T15:18:31","modified_gmt":"2024-09-17T12:18:31","slug":"ekua0617-philips-bsf333u","status":"publish","type":"product","link":"https:\/\/www.radiomarket.fi\/en\/kohde\/ekua0617-philips-bsf333u\/","title":{"rendered":"EKUA0617x Philips BSF333U takalevy (EKUS)"},"content":{"rendered":"<p>Kunto p\u00e4\u00e4llisin puolin hyv\u00e4. Puhdistusta vailla.<\/p>","protected":false},"excerpt":{"rendered":"<p>Kunto p\u00e4\u00e4llisin puolin hyv\u00e4. Puhdistusta vailla.<\/p>","protected":false},"featured_media":49683,"template":"","meta":[],"_links":{"self":[{"href":"https:\/\/www.radiomarket.fi\/en\/wp-json\/wp\/v2\/product\/19382"}],"collection":[{"href":"https:\/\/www.radiomarket.fi\/en\/wp-json\/wp\/v2\/product"}],"about":[{"href":"https:\/\/www.radiomarket.fi\/en\/wp-json\/wp\/v2\/types\/product"}],"wp:featuredmedia":[{"embeddable":true,"href":"https:\/\/www.radiomarket.fi\/en\/wp-json\/wp\/v2\/media\/49683"}],"wp:attachment":[{"href":"https:\/\/www.radiomarket.fi\/en\/wp-json\/wp\/v2\/media?parent=19382"}],"curies":[{"name":"wp","href":"https:\/\/api.w.org\/{rel}","templated":true}]}}