{"id":19406,"date":"2020-10-05T11:07:15","date_gmt":"2020-10-05T08:07:15","guid":{"rendered":"https:\/\/www.radiomarket.fi\/tuote\/ekua0575-elac-3000t\/"},"modified":"2022-01-05T14:53:06","modified_gmt":"2022-01-05T12:53:06","slug":"ekua0575-elac-3000t","status":"publish","type":"product","link":"https:\/\/www.radiomarket.fi\/en\/kohde\/ekua0575-elac-3000t\/","title":{"rendered":"EKUA0575 Elac 3000T (EKUS)"},"content":{"rendered":"<p>Nuppi puuttuu, kotelo huonossa kunnossa, kolhuja etupaneelissa<\/p>","protected":false},"excerpt":{"rendered":"<p>T\u00e4st\u00e4 kohteesta voidaan myyd\u00e4 varaosia.<\/p>","protected":false},"featured_media":29881,"template":"","meta":[],"_links":{"self":[{"href":"https:\/\/www.radiomarket.fi\/en\/wp-json\/wp\/v2\/product\/19406"}],"collection":[{"href":"https:\/\/www.radiomarket.fi\/en\/wp-json\/wp\/v2\/product"}],"about":[{"href":"https:\/\/www.radiomarket.fi\/en\/wp-json\/wp\/v2\/types\/product"}],"wp:featuredmedia":[{"embeddable":true,"href":"https:\/\/www.radiomarket.fi\/en\/wp-json\/wp\/v2\/media\/29881"}],"wp:attachment":[{"href":"https:\/\/www.radiomarket.fi\/en\/wp-json\/wp\/v2\/media?parent=19406"}],"curies":[{"name":"wp","href":"https:\/\/api.w.org\/{rel}","templated":true}]}}