{"id":19415,"date":"2020-10-05T11:07:17","date_gmt":"2020-10-05T08:07:17","guid":{"rendered":"https:\/\/www.radiomarket.fi\/tuote\/ekua0567-philips-type-aw7150\/"},"modified":"2023-02-23T12:44:05","modified_gmt":"2023-02-23T10:44:05","slug":"ekua0567-philips-type-aw7150","status":"publish","type":"product","link":"https:\/\/www.radiomarket.fi\/en\/kohde\/ekua0567-philips-type-aw7150\/","title":{"rendered":"EKUA0567 Philips TYPE AW7150 (EKUM)"},"content":{"rendered":"<p>Ruminkin radio voi pit\u00e4\u00e4 sis\u00e4ll\u00e4\u00e4n hyv\u00e4n koneiston. Asiaa ei tosin ole tarkistettu.<\/p>","protected":false},"excerpt":{"rendered":"<p>Ruminkin radio voi pit\u00e4\u00e4 sis\u00e4ll\u00e4\u00e4n hyv\u00e4n koneiston. Asiaa ei tosin ole tarkistettu.<\/p>","protected":false},"featured_media":29917,"template":"","meta":[],"_links":{"self":[{"href":"https:\/\/www.radiomarket.fi\/en\/wp-json\/wp\/v2\/product\/19415"}],"collection":[{"href":"https:\/\/www.radiomarket.fi\/en\/wp-json\/wp\/v2\/product"}],"about":[{"href":"https:\/\/www.radiomarket.fi\/en\/wp-json\/wp\/v2\/types\/product"}],"wp:featuredmedia":[{"embeddable":true,"href":"https:\/\/www.radiomarket.fi\/en\/wp-json\/wp\/v2\/media\/29917"}],"wp:attachment":[{"href":"https:\/\/www.radiomarket.fi\/en\/wp-json\/wp\/v2\/media?parent=19415"}],"curies":[{"name":"wp","href":"https:\/\/api.w.org\/{rel}","templated":true}]}}