{"id":19432,"date":"2024-05-29T15:07:21","date_gmt":"2024-05-29T12:07:21","guid":{"rendered":"https:\/\/www.radiomarket.fi\/tuote\/ekua0549-blaupunkt-stockholm-rcr42\/"},"modified":"2024-05-29T15:55:02","modified_gmt":"2024-05-29T12:55:02","slug":"ekua0549-blaupunkt-stockholm-rcr42","status":"publish","type":"product","link":"https:\/\/www.radiomarket.fi\/en\/kohde\/ekua0549-blaupunkt-stockholm-rcr42\/","title":{"rendered":"EKUA0549 Blaupunkt Stockholm RCR42 (EKUM)"},"content":{"rendered":"<p>Ulkoisesti t\u00e4ydellinen. Ei tutkittu tarkemmin. Ilmeisesti Porschen 911 ensiasennusradio? T\u00e4m\u00e4 radiomalli on vuodelta 1992-1993.<\/p><p>Porsche 911 autoradio car radio.29<\/p>","protected":false},"excerpt":{"rendered":"<p>Ulkoisesti t\u00e4ydellinen. Ei tutkittu tarkemmin. Ilmeisesti Porschen 911 ensiasennusradio? T\u00e4m\u00e4 radiomalli on vuodelta 1992-1993.Porsche 911 autoradio car radio.29<\/p>","protected":false},"featured_media":25426,"template":"","meta":[],"_links":{"self":[{"href":"https:\/\/www.radiomarket.fi\/en\/wp-json\/wp\/v2\/product\/19432"}],"collection":[{"href":"https:\/\/www.radiomarket.fi\/en\/wp-json\/wp\/v2\/product"}],"about":[{"href":"https:\/\/www.radiomarket.fi\/en\/wp-json\/wp\/v2\/types\/product"}],"wp:featuredmedia":[{"embeddable":true,"href":"https:\/\/www.radiomarket.fi\/en\/wp-json\/wp\/v2\/media\/25426"}],"wp:attachment":[{"href":"https:\/\/www.radiomarket.fi\/en\/wp-json\/wp\/v2\/media?parent=19432"}],"curies":[{"name":"wp","href":"https:\/\/api.w.org\/{rel}","templated":true}]}}